{"id":1367504,"date":"2025-08-24T21:24:05","date_gmt":"2025-08-24T21:24:05","guid":{"rendered":""},"modified":"2025-08-24T21:24:05","modified_gmt":"2025-08-24T21:24:05","slug":"tromsoe-wintermantel-storm","status":"publish","type":"product","link":"https:\/\/mallwp.wufadu.top\/index.php\/product\/tromsoe-wintermantel-storm\/","title":{"rendered":"TROMSOE &#8211; Wintermantel &#8211; storm"},"content":{"rendered":"<p>Sportart : Wandern &#038; Trekking<br \/>Wetter : Regen<br \/>Ausschnitt : Rundhals<br \/>Kragen : Kapuze<br \/>Kragen : Hochabschlie\u00dfend, gef\u00fcttert<br \/>Extras : Rei\u00dfverschl\u00fcsse wasserdicht<br \/>Bel\u00fcftung : Unterarmrei\u00dfverschl\u00fcsse<br \/>Verschluss : Rei\u00dfverschluss<br \/>Taschen : Napoleontasche, Pattentaschen, Eingrifftaschen, innenliegende Tasche<br \/>Verschluss : Frontrei\u00dfverschluss durchgehend, Abdeckleiste, unterlegt<br \/>Kapuze : Verstellbar, abnehmbare Kapuze<br \/>\u00c4rmelb\u00fcndchen : Elastisch, gerippt<br \/>Details Kapuze : Gef\u00fctterte Kapuze, Kapuze mit Tunnelzug, abnehmbare Kapuze<br \/>Muster : Print<br \/>Details : Abdeckleiste, unterlegter Rei\u00dfverschluss<br \/>Anzahl Schichten : Zwei Lagen<br \/>Innensohle : Gepolstert<br \/>Artikelnummer : HE642F01H-C13<\/p>\n","protected":false},"excerpt":{"rendered":"<p>Sportart : Wandern &#038; Trekking<br \/>Wetter : Regen<br \/>Ausschnitt : Rundhals<br \/>Kragen : Kapuze<br \/>Kragen : Hochabschlie\u00dfend, gef\u00fcttert<br \/>Extras : Rei\u00dfverschl\u00fcsse wasserdicht<br \/>Bel\u00fcf<\/p>\n","protected":false},"featured_media":0,"comment_status":"open","ping_status":"closed","template":"","meta":[],"product_brand":[673],"product_cat":[1747,808,1868],"product_tag":[],"class_list":{"0":"post-1367504","1":"product","2":"type-product","3":"status-publish","5":"product_brand-helly-hansen","6":"product_cat-bekleidung-2","7":"product_cat-herren","8":"product_cat-maentel","10":"first","11":"instock","12":"shipping-taxable","13":"purchasable","14":"product-type-variable"},"jetpack_sharing_enabled":true,"_links":{"self":[{"href":"https:\/\/mallwp.wufadu.top\/index.php\/wp-json\/wp\/v2\/product\/1367504","targetHints":{"allow":["GET"]}}],"collection":[{"href":"https:\/\/mallwp.wufadu.top\/index.php\/wp-json\/wp\/v2\/product"}],"about":[{"href":"https:\/\/mallwp.wufadu.top\/index.php\/wp-json\/wp\/v2\/types\/product"}],"replies":[{"embeddable":true,"href":"https:\/\/mallwp.wufadu.top\/index.php\/wp-json\/wp\/v2\/comments?post=1367504"}],"wp:attachment":[{"href":"https:\/\/mallwp.wufadu.top\/index.php\/wp-json\/wp\/v2\/media?parent=1367504"}],"wp:term":[{"taxonomy":"product_brand","embeddable":true,"href":"https:\/\/mallwp.wufadu.top\/index.php\/wp-json\/wp\/v2\/product_brand?post=1367504"},{"taxonomy":"product_cat","embeddable":true,"href":"https:\/\/mallwp.wufadu.top\/index.php\/wp-json\/wp\/v2\/product_cat?post=1367504"},{"taxonomy":"product_tag","embeddable":true,"href":"https:\/\/mallwp.wufadu.top\/index.php\/wp-json\/wp\/v2\/product_tag?post=1367504"}],"curies":[{"name":"wp","href":"https:\/\/api.w.org\/{rel}","templated":true}]}}