{"id":1469105,"date":"2025-08-24T21:28:15","date_gmt":"2025-08-24T21:28:15","guid":{"rendered":""},"modified":"2025-08-24T21:28:15","modified_gmt":"2025-08-24T21:28:15","slug":"spirale-tracksuit-trainingsanzug-2","status":"publish","type":"product","link":"https:\/\/mallwp.wufadu.top\/index.php\/product\/spirale-tracksuit-trainingsanzug-2\/","title":{"rendered":"SPIRALE TRACKSUIT &#8211; Trainingsanzug"},"content":{"rendered":"<p>Sportart : Tennis<br \/>Bund : Verstellbar (Volumenregulierung)<br \/>Kragen : Stehkragen<br \/>Verschluss : Rei\u00dfverschluss<br \/>Taschen : Mit Rei\u00dfverschluss verschlie\u00dfbare Taschen, Ges\u00e4\u00dftaschen, Seitentaschen<br \/>\u00c4rmelb\u00fcndchen : Elastisch<br \/>Details : Elastischer Bund, Stickerei<br \/>Artikelnummer : S1642M009-K12<\/p>\n","protected":false},"excerpt":{"rendered":"<p>Sportart : Tennis<br \/>Bund : Verstellbar (Volumenregulierung)<br \/>Kragen : Stehkragen<br \/>Verschluss : Rei\u00dfverschluss<br \/>Taschen : Mit Rei\u00dfverschluss verschlie\u00dfbare Taschen, Ges\u00e4\u00dftasc<\/p>\n","protected":false},"featured_media":0,"comment_status":"open","ping_status":"closed","template":"","meta":[],"product_brand":[1046],"product_cat":[1747,808,1958],"product_tag":[],"class_list":{"0":"post-1469105","1":"product","2":"type-product","3":"status-publish","5":"product_brand-sergio-tacchini","6":"product_cat-bekleidung-2","7":"product_cat-herren","8":"product_cat-trainingsanzuege-jogger","10":"first","11":"instock","12":"shipping-taxable","13":"purchasable","14":"product-type-variable"},"jetpack_sharing_enabled":true,"_links":{"self":[{"href":"https:\/\/mallwp.wufadu.top\/index.php\/wp-json\/wp\/v2\/product\/1469105","targetHints":{"allow":["GET"]}}],"collection":[{"href":"https:\/\/mallwp.wufadu.top\/index.php\/wp-json\/wp\/v2\/product"}],"about":[{"href":"https:\/\/mallwp.wufadu.top\/index.php\/wp-json\/wp\/v2\/types\/product"}],"replies":[{"embeddable":true,"href":"https:\/\/mallwp.wufadu.top\/index.php\/wp-json\/wp\/v2\/comments?post=1469105"}],"wp:attachment":[{"href":"https:\/\/mallwp.wufadu.top\/index.php\/wp-json\/wp\/v2\/media?parent=1469105"}],"wp:term":[{"taxonomy":"product_brand","embeddable":true,"href":"https:\/\/mallwp.wufadu.top\/index.php\/wp-json\/wp\/v2\/product_brand?post=1469105"},{"taxonomy":"product_cat","embeddable":true,"href":"https:\/\/mallwp.wufadu.top\/index.php\/wp-json\/wp\/v2\/product_cat?post=1469105"},{"taxonomy":"product_tag","embeddable":true,"href":"https:\/\/mallwp.wufadu.top\/index.php\/wp-json\/wp\/v2\/product_tag?post=1469105"}],"curies":[{"name":"wp","href":"https:\/\/api.w.org\/{rel}","templated":true}]}}