{"id":1488362,"date":"2025-08-24T21:29:07","date_gmt":"2025-08-24T21:29:07","guid":{"rendered":""},"modified":"2025-08-24T21:29:07","modified_gmt":"2025-08-24T21:29:07","slug":"sogn-shell-skihose","status":"publish","type":"product","link":"https:\/\/mallwp.wufadu.top\/index.php\/product\/sogn-shell-skihose\/","title":{"rendered":"SOGN SHELL &#8211; Skihose"},"content":{"rendered":"<p>Sportart : Snowboard, Ski Alpin<br \/>Wetter : Schnee<br \/>Bund : Verstellbar (Volumenregulierung)<br \/>Leibh\u00f6he : Normal<br \/>Beinrei\u00dfverschl\u00fcsse zur Bel\u00fcftung : An der  Oberschenkelinnenseite, nicht durchg\u00e4ngig<br \/>Extras : Schnelltrocknend, vorgeformte Knie, getapte (geklebte) N\u00e4hte<br \/>Verschluss : Verdeckter Zip-Fly<br \/>Beinabschluss : Mit Schneefang<br \/>Taschen : Ges\u00e4\u00dftasche, Einschubtaschen, Beintasche<br \/>Muster : Print<br \/>Funktion : Atmungsaktiv, winddicht, wasserdicht, schnelltrocknend<br \/>Anzahl Schichten : Zwei Lagen<br \/>Artikelnummer : HE642E00N-Q11<\/p>\n","protected":false},"excerpt":{"rendered":"<p>Sportart : Snowboard, Ski Alpin<br \/>Wetter : Schnee<br \/>Bund : Verstellbar (Volumenregulierung)<br \/>Leibh\u00f6he : Normal<br \/>Beinrei\u00dfverschl\u00fcsse zur Bel\u00fcftung : An der  Oberschenkelinnens<\/p>\n","protected":false},"featured_media":0,"comment_status":"open","ping_status":"closed","template":"","meta":[],"product_brand":[673],"product_cat":[1747,808,2024],"product_tag":[],"class_list":{"0":"post-1488362","1":"product","2":"type-product","3":"status-publish","5":"product_brand-helly-hansen","6":"product_cat-bekleidung-2","7":"product_cat-herren","8":"product_cat-sportbekleidung-2","10":"first","11":"instock","12":"shipping-taxable","13":"purchasable","14":"product-type-variable"},"jetpack_sharing_enabled":true,"_links":{"self":[{"href":"https:\/\/mallwp.wufadu.top\/index.php\/wp-json\/wp\/v2\/product\/1488362","targetHints":{"allow":["GET"]}}],"collection":[{"href":"https:\/\/mallwp.wufadu.top\/index.php\/wp-json\/wp\/v2\/product"}],"about":[{"href":"https:\/\/mallwp.wufadu.top\/index.php\/wp-json\/wp\/v2\/types\/product"}],"replies":[{"embeddable":true,"href":"https:\/\/mallwp.wufadu.top\/index.php\/wp-json\/wp\/v2\/comments?post=1488362"}],"wp:attachment":[{"href":"https:\/\/mallwp.wufadu.top\/index.php\/wp-json\/wp\/v2\/media?parent=1488362"}],"wp:term":[{"taxonomy":"product_brand","embeddable":true,"href":"https:\/\/mallwp.wufadu.top\/index.php\/wp-json\/wp\/v2\/product_brand?post=1488362"},{"taxonomy":"product_cat","embeddable":true,"href":"https:\/\/mallwp.wufadu.top\/index.php\/wp-json\/wp\/v2\/product_cat?post=1488362"},{"taxonomy":"product_tag","embeddable":true,"href":"https:\/\/mallwp.wufadu.top\/index.php\/wp-json\/wp\/v2\/product_tag?post=1488362"}],"curies":[{"name":"wp","href":"https:\/\/api.w.org\/{rel}","templated":true}]}}