{"id":1513519,"date":"2025-08-24T21:30:14","date_gmt":"2025-08-24T21:30:14","guid":{"rendered":""},"modified":"2025-08-24T21:30:14","modified_gmt":"2025-08-24T21:30:14","slug":"skijacke-sulphur-spring","status":"publish","type":"product","link":"https:\/\/mallwp.wufadu.top\/index.php\/product\/skijacke-sulphur-spring\/","title":{"rendered":"Skijacke &#8211; sulphur spring"},"content":{"rendered":"<p>Sportart : Ski Alpin<br \/>Wetter : Schnee<br \/>Kragen : Kapuze<br \/>Kragen : Hochabschlie\u00dfend, Kinnschutz<br \/>Extras : Daumenschlaufen<br \/>Bel\u00fcftung : Unterarmrei\u00dfverschl\u00fcsse<br \/>Verschluss : Rei\u00dfverschluss<br \/>Taschen : Napoleontasche, mit Rei\u00dfverschluss verschlie\u00dfbare Taschen, Tasche am \u00c4rmel<br \/>Verschluss : Frontrei\u00dfverschluss durchgehend<br \/>Kapuze : Abnehmbare Kapuze<br \/>\u00c4rmelb\u00fcndchen : Verstellbar durch Klettverschluss, elastisch<br \/>Details Kapuze : Abnehmbare Kapuze<br \/>Muster : Bunt<br \/>Funktion : Atmungsaktiv, winddicht, wasserabweisend, reflektierend<br \/>Anzahl Schichten : Zwei Lagen<br \/>Artikelnummer : SC742F0AF-E11<\/p>\n","protected":false},"excerpt":{"rendered":"<p>Sportart : Ski Alpin<br \/>Wetter : Schnee<br \/>Kragen : Kapuze<br \/>Kragen : Hochabschlie\u00dfend, Kinnschutz<br \/>Extras : Daumenschlaufen<br \/>Bel\u00fcftung : Unterarmrei\u00dfverschl\u00fcsse<br \/>Verschluss<\/p>\n","protected":false},"featured_media":0,"comment_status":"open","ping_status":"closed","template":"","meta":[],"product_brand":[1845],"product_cat":[1747,808,2024],"product_tag":[],"class_list":{"0":"post-1513519","1":"product","2":"type-product","3":"status-publish","5":"product_brand-schoeffel","6":"product_cat-bekleidung-2","7":"product_cat-herren","8":"product_cat-sportbekleidung-2","10":"first","11":"instock","12":"shipping-taxable","13":"purchasable","14":"product-type-variable"},"jetpack_sharing_enabled":true,"_links":{"self":[{"href":"https:\/\/mallwp.wufadu.top\/index.php\/wp-json\/wp\/v2\/product\/1513519","targetHints":{"allow":["GET"]}}],"collection":[{"href":"https:\/\/mallwp.wufadu.top\/index.php\/wp-json\/wp\/v2\/product"}],"about":[{"href":"https:\/\/mallwp.wufadu.top\/index.php\/wp-json\/wp\/v2\/types\/product"}],"replies":[{"embeddable":true,"href":"https:\/\/mallwp.wufadu.top\/index.php\/wp-json\/wp\/v2\/comments?post=1513519"}],"wp:attachment":[{"href":"https:\/\/mallwp.wufadu.top\/index.php\/wp-json\/wp\/v2\/media?parent=1513519"}],"wp:term":[{"taxonomy":"product_brand","embeddable":true,"href":"https:\/\/mallwp.wufadu.top\/index.php\/wp-json\/wp\/v2\/product_brand?post=1513519"},{"taxonomy":"product_cat","embeddable":true,"href":"https:\/\/mallwp.wufadu.top\/index.php\/wp-json\/wp\/v2\/product_cat?post=1513519"},{"taxonomy":"product_tag","embeddable":true,"href":"https:\/\/mallwp.wufadu.top\/index.php\/wp-json\/wp\/v2\/product_tag?post=1513519"}],"curies":[{"name":"wp","href":"https:\/\/api.w.org\/{rel}","templated":true}]}}