{"id":1524985,"date":"2025-08-24T21:30:45","date_gmt":"2025-08-24T21:30:45","guid":{"rendered":""},"modified":"2025-08-24T21:30:45","modified_gmt":"2025-08-24T21:30:45","slug":"carson-pants-jogginghose-7","status":"publish","type":"product","link":"https:\/\/mallwp.wufadu.top\/index.php\/product\/carson-pants-jogginghose-7\/","title":{"rendered":"CARSON PANTS &#8211; Jogginghose"},"content":{"rendered":"<p>Sportart : Tennis<br \/>Bund : Verstellbar (Volumenregulierung)<br \/>Leibh\u00f6he : Normal<br \/>Beinrei\u00dfverschl\u00fcsse zur Bel\u00fcftung : Nicht durchg\u00e4ngig<br \/>Taschen : Seitentaschen<br \/>Beinabschluss : Mit Rei\u00dfverschluss<br \/>Taschen : Einschubtaschen<br \/>Muster : Unifarben<br \/>Details : Elastischer Bund<br \/>Funktion : Atmungsaktiv<br \/>Artikelnummer : S1642E0CE-A11<\/p>\n","protected":false},"excerpt":{"rendered":"<p>Sportart : Tennis<br \/>Bund : Verstellbar (Volumenregulierung)<br \/>Leibh\u00f6he : Normal<br \/>Beinrei\u00dfverschl\u00fcsse zur Bel\u00fcftung : Nicht durchg\u00e4ngig<br \/>Taschen : Seitentaschen<br \/>Beinabschlu<\/p>\n","protected":false},"featured_media":0,"comment_status":"open","ping_status":"closed","template":"","meta":[],"product_brand":[1046],"product_cat":[1747,808,2024],"product_tag":[],"class_list":{"0":"post-1524985","1":"product","2":"type-product","3":"status-publish","5":"product_brand-sergio-tacchini","6":"product_cat-bekleidung-2","7":"product_cat-herren","8":"product_cat-sportbekleidung-2","10":"first","11":"instock","12":"shipping-taxable","13":"purchasable","14":"product-type-variable"},"jetpack_sharing_enabled":true,"_links":{"self":[{"href":"https:\/\/mallwp.wufadu.top\/index.php\/wp-json\/wp\/v2\/product\/1524985","targetHints":{"allow":["GET"]}}],"collection":[{"href":"https:\/\/mallwp.wufadu.top\/index.php\/wp-json\/wp\/v2\/product"}],"about":[{"href":"https:\/\/mallwp.wufadu.top\/index.php\/wp-json\/wp\/v2\/types\/product"}],"replies":[{"embeddable":true,"href":"https:\/\/mallwp.wufadu.top\/index.php\/wp-json\/wp\/v2\/comments?post=1524985"}],"wp:attachment":[{"href":"https:\/\/mallwp.wufadu.top\/index.php\/wp-json\/wp\/v2\/media?parent=1524985"}],"wp:term":[{"taxonomy":"product_brand","embeddable":true,"href":"https:\/\/mallwp.wufadu.top\/index.php\/wp-json\/wp\/v2\/product_brand?post=1524985"},{"taxonomy":"product_cat","embeddable":true,"href":"https:\/\/mallwp.wufadu.top\/index.php\/wp-json\/wp\/v2\/product_cat?post=1524985"},{"taxonomy":"product_tag","embeddable":true,"href":"https:\/\/mallwp.wufadu.top\/index.php\/wp-json\/wp\/v2\/product_tag?post=1524985"}],"curies":[{"name":"wp","href":"https:\/\/api.w.org\/{rel}","templated":true}]}}