{"id":2674846,"date":"2025-08-24T22:19:15","date_gmt":"2025-08-24T22:19:15","guid":{"rendered":""},"modified":"2025-08-24T22:19:15","modified_gmt":"2025-08-24T22:19:15","slug":"marthia-geldboerse-2","status":"publish","type":"product","link":"https:\/\/mallwp.wufadu.top\/index.php\/product\/marthia-geldboerse-2\/","title":{"rendered":"MARTHIA &#8211; Geldb\u00f6rse"},"content":{"rendered":"<p>F\u00e4cher : M\u00fcnzfach<br \/>Verschluss : Rei\u00dfverschluss<br \/>Muster : Unifarben<br \/>Artikelnummer : VU051F0LE-Q11<\/p>\n","protected":false},"excerpt":{"rendered":"<p>F\u00e4cher : M\u00fcnzfach<br \/>Verschluss : Rei\u00dfverschluss<br \/>Muster : Unifarben<br \/>Artikelnummer : VU051F0LE-Q11<\/p>\n","protected":false},"featured_media":0,"comment_status":"open","ping_status":"closed","template":"","meta":[],"product_brand":[1028],"product_cat":[2181,2180,2285],"product_tag":[],"class_list":{"0":"post-2674846","1":"product","2":"type-product","3":"status-publish","5":"product_brand-vuch","6":"product_cat-accessoires-2","7":"product_cat-damen","8":"product_cat-geldboersen-etuis-2","10":"first","11":"instock","12":"shipping-taxable","13":"purchasable","14":"product-type-variable"},"jetpack_sharing_enabled":true,"_links":{"self":[{"href":"https:\/\/mallwp.wufadu.top\/index.php\/wp-json\/wp\/v2\/product\/2674846","targetHints":{"allow":["GET"]}}],"collection":[{"href":"https:\/\/mallwp.wufadu.top\/index.php\/wp-json\/wp\/v2\/product"}],"about":[{"href":"https:\/\/mallwp.wufadu.top\/index.php\/wp-json\/wp\/v2\/types\/product"}],"replies":[{"embeddable":true,"href":"https:\/\/mallwp.wufadu.top\/index.php\/wp-json\/wp\/v2\/comments?post=2674846"}],"wp:attachment":[{"href":"https:\/\/mallwp.wufadu.top\/index.php\/wp-json\/wp\/v2\/media?parent=2674846"}],"wp:term":[{"taxonomy":"product_brand","embeddable":true,"href":"https:\/\/mallwp.wufadu.top\/index.php\/wp-json\/wp\/v2\/product_brand?post=2674846"},{"taxonomy":"product_cat","embeddable":true,"href":"https:\/\/mallwp.wufadu.top\/index.php\/wp-json\/wp\/v2\/product_cat?post=2674846"},{"taxonomy":"product_tag","embeddable":true,"href":"https:\/\/mallwp.wufadu.top\/index.php\/wp-json\/wp\/v2\/product_tag?post=2674846"}],"curies":[{"name":"wp","href":"https:\/\/api.w.org\/{rel}","templated":true}]}}