{"id":2784421,"date":"2025-08-24T22:27:57","date_gmt":"2025-08-24T22:27:57","guid":{"rendered":""},"modified":"2025-08-24T22:27:57","modified_gmt":"2025-08-24T22:27:57","slug":"adoring-umhaengetasche-2","status":"publish","type":"product","link":"https:\/\/mallwp.wufadu.top\/index.php\/product\/adoring-umhaengetasche-2\/","title":{"rendered":"ADORING &#8211; Umh\u00e4ngetasche"},"content":{"rendered":"<p>F\u00e4cher : Handyfach, Steckfach, zweigeteiltes Innenfach, Rei\u00dfverschlussfach, Kartenf\u00e4cher<br \/>Verschluss : Steckschloss<br \/>Muster : Unifarben<br \/>Trageoptionen : Abnehmbarer Crossbody-Riemen<br \/>Artikelnummer : A0151H1KM-Q11<\/p>\n","protected":false},"excerpt":{"rendered":"<p>F\u00e4cher : Handyfach, Steckfach, zweigeteiltes Innenfach, Rei\u00dfverschlussfach, Kartenf\u00e4cher<br \/>Verschluss : Steckschloss<br \/>Muster : Unifarben<br \/>Trageoptionen : Abnehmbarer Crossbody<\/p>\n","protected":false},"featured_media":0,"comment_status":"open","ping_status":"closed","template":"","meta":[],"product_brand":[1204],"product_cat":[2181,2180,2469],"product_tag":[],"class_list":{"0":"post-2784421","1":"product","2":"type-product","3":"status-publish","5":"product_brand-aldo","6":"product_cat-accessoires-2","7":"product_cat-damen","8":"product_cat-taschen","10":"first","11":"instock","12":"shipping-taxable","13":"purchasable","14":"product-type-variable"},"jetpack_sharing_enabled":true,"_links":{"self":[{"href":"https:\/\/mallwp.wufadu.top\/index.php\/wp-json\/wp\/v2\/product\/2784421","targetHints":{"allow":["GET"]}}],"collection":[{"href":"https:\/\/mallwp.wufadu.top\/index.php\/wp-json\/wp\/v2\/product"}],"about":[{"href":"https:\/\/mallwp.wufadu.top\/index.php\/wp-json\/wp\/v2\/types\/product"}],"replies":[{"embeddable":true,"href":"https:\/\/mallwp.wufadu.top\/index.php\/wp-json\/wp\/v2\/comments?post=2784421"}],"wp:attachment":[{"href":"https:\/\/mallwp.wufadu.top\/index.php\/wp-json\/wp\/v2\/media?parent=2784421"}],"wp:term":[{"taxonomy":"product_brand","embeddable":true,"href":"https:\/\/mallwp.wufadu.top\/index.php\/wp-json\/wp\/v2\/product_brand?post=2784421"},{"taxonomy":"product_cat","embeddable":true,"href":"https:\/\/mallwp.wufadu.top\/index.php\/wp-json\/wp\/v2\/product_cat?post=2784421"},{"taxonomy":"product_tag","embeddable":true,"href":"https:\/\/mallwp.wufadu.top\/index.php\/wp-json\/wp\/v2\/product_tag?post=2784421"}],"curies":[{"name":"wp","href":"https:\/\/api.w.org\/{rel}","templated":true}]}}