{"id":2801432,"date":"2025-08-24T22:29:38","date_gmt":"2025-08-24T22:29:38","guid":{"rendered":""},"modified":"2025-08-24T22:29:38","modified_gmt":"2025-08-24T22:29:38","slug":"young-collection-umhaengetasche-5","status":"publish","type":"product","link":"https:\/\/mallwp.wufadu.top\/index.php\/product\/young-collection-umhaengetasche-5\/","title":{"rendered":"YOUNG COLLECTION &#8211; Umh\u00e4ngetasche"},"content":{"rendered":"<p>F\u00e4cher : Handyfach, ger\u00e4umiges Innenfach<br \/>Verschluss : Magnetverschluss<br \/>Muster : Unifarben<br \/>Details : Schnalle<br \/>Trageoptionen : L\u00e4ngenverstellbarer Crossbody-Riemen, abnehmbarer Crossbody-Riemen<br \/>Artikelnummer : 0WI51H0ZY-E11<\/p>\n","protected":false},"excerpt":{"rendered":"<p>F\u00e4cher : Handyfach, ger\u00e4umiges Innenfach<br \/>Verschluss : Magnetverschluss<br \/>Muster : Unifarben<br \/>Details : Schnalle<br \/>Trageoptionen : L\u00e4ngenverstellbarer Crossbody-Riemen, abneh<\/p>\n","protected":false},"featured_media":0,"comment_status":"open","ping_status":"closed","template":"","meta":[],"product_brand":[335],"product_cat":[2181,2180,2469],"product_tag":[],"class_list":{"0":"post-2801432","1":"product","2":"type-product","3":"status-publish","5":"product_brand-wittchen","6":"product_cat-accessoires-2","7":"product_cat-damen","8":"product_cat-taschen","10":"first","11":"instock","12":"shipping-taxable","13":"purchasable","14":"product-type-variable"},"jetpack_sharing_enabled":true,"_links":{"self":[{"href":"https:\/\/mallwp.wufadu.top\/index.php\/wp-json\/wp\/v2\/product\/2801432","targetHints":{"allow":["GET"]}}],"collection":[{"href":"https:\/\/mallwp.wufadu.top\/index.php\/wp-json\/wp\/v2\/product"}],"about":[{"href":"https:\/\/mallwp.wufadu.top\/index.php\/wp-json\/wp\/v2\/types\/product"}],"replies":[{"embeddable":true,"href":"https:\/\/mallwp.wufadu.top\/index.php\/wp-json\/wp\/v2\/comments?post=2801432"}],"wp:attachment":[{"href":"https:\/\/mallwp.wufadu.top\/index.php\/wp-json\/wp\/v2\/media?parent=2801432"}],"wp:term":[{"taxonomy":"product_brand","embeddable":true,"href":"https:\/\/mallwp.wufadu.top\/index.php\/wp-json\/wp\/v2\/product_brand?post=2801432"},{"taxonomy":"product_cat","embeddable":true,"href":"https:\/\/mallwp.wufadu.top\/index.php\/wp-json\/wp\/v2\/product_cat?post=2801432"},{"taxonomy":"product_tag","embeddable":true,"href":"https:\/\/mallwp.wufadu.top\/index.php\/wp-json\/wp\/v2\/product_tag?post=2801432"}],"curies":[{"name":"wp","href":"https:\/\/api.w.org\/{rel}","templated":true}]}}