{"id":2863637,"date":"2025-08-24T22:33:31","date_gmt":"2025-08-24T22:33:31","guid":{"rendered":""},"modified":"2025-08-24T22:33:31","modified_gmt":"2025-08-24T22:33:31","slug":"charged-aurora-2-trainingsschuh","status":"publish","type":"product","link":"https:\/\/mallwp.wufadu.top\/index.php\/product\/charged-aurora-2-trainingsschuh\/","title":{"rendered":"CHARGED AURORA 2 &#8211; Trainingsschuh"},"content":{"rendered":"<p>Sportart : Training &#038; Fitness<br \/>Geeignet f\u00fcr : Stra\u00dfe<br \/>Stabilit\u00e4t : Stabil<br \/>D\u00e4mpfung : Minimal<br \/>Schuhspitze : Rund<br \/>Absatzform : Flach<br \/>Verschluss : Schn\u00fcrung<br \/>Muster : Print<br \/>Details : Cut-Outs<br \/>Funktion : Atmungsaktiv<br \/>Extras : Verst\u00e4rkte Fu\u00dfspitze, Zuglasche an der Zunge, verst\u00e4rkte Ferse<br \/>Au\u00dfensohle : Flexibel<br \/>Innensohle : Gepolstert<br \/>Artikelnummer : UN241A0AW-J14<\/p>\n","protected":false},"excerpt":{"rendered":"<p>Sportart : Training &#038; Fitness<br \/>Geeignet f\u00fcr : Stra\u00dfe<br \/>Stabilit\u00e4t : Stabil<br \/>D\u00e4mpfung : Minimal<br \/>Schuhspitze : Rund<br \/>Absatzform : Flach<br \/>Verschluss : Schn\u00fcrung<br \/>Muster<\/p>\n","protected":false},"featured_media":0,"comment_status":"open","ping_status":"closed","template":"","meta":[],"product_brand":[95],"product_cat":[2180,2531,2566],"product_tag":[],"class_list":{"0":"post-2863637","1":"product","2":"type-product","3":"status-publish","5":"product_brand-under-armour","6":"product_cat-damen","7":"product_cat-schuhe-3","8":"product_cat-sportschuhe-3","10":"first","11":"instock","12":"shipping-taxable","13":"purchasable","14":"product-type-variable"},"jetpack_sharing_enabled":true,"_links":{"self":[{"href":"https:\/\/mallwp.wufadu.top\/index.php\/wp-json\/wp\/v2\/product\/2863637","targetHints":{"allow":["GET"]}}],"collection":[{"href":"https:\/\/mallwp.wufadu.top\/index.php\/wp-json\/wp\/v2\/product"}],"about":[{"href":"https:\/\/mallwp.wufadu.top\/index.php\/wp-json\/wp\/v2\/types\/product"}],"replies":[{"embeddable":true,"href":"https:\/\/mallwp.wufadu.top\/index.php\/wp-json\/wp\/v2\/comments?post=2863637"}],"wp:attachment":[{"href":"https:\/\/mallwp.wufadu.top\/index.php\/wp-json\/wp\/v2\/media?parent=2863637"}],"wp:term":[{"taxonomy":"product_brand","embeddable":true,"href":"https:\/\/mallwp.wufadu.top\/index.php\/wp-json\/wp\/v2\/product_brand?post=2863637"},{"taxonomy":"product_cat","embeddable":true,"href":"https:\/\/mallwp.wufadu.top\/index.php\/wp-json\/wp\/v2\/product_cat?post=2863637"},{"taxonomy":"product_tag","embeddable":true,"href":"https:\/\/mallwp.wufadu.top\/index.php\/wp-json\/wp\/v2\/product_tag?post=2863637"}],"curies":[{"name":"wp","href":"https:\/\/api.w.org\/{rel}","templated":true}]}}