{"id":2872998,"date":"2025-08-24T22:33:50","date_gmt":"2025-08-24T22:33:50","guid":{"rendered":""},"modified":"2025-08-24T22:33:50","modified_gmt":"2025-08-24T22:33:50","slug":"lockdown-7-basketballschuh-19","status":"publish","type":"product","link":"https:\/\/mallwp.wufadu.top\/index.php\/product\/lockdown-7-basketballschuh-19\/","title":{"rendered":"LOCKDOWN 7 &#8211; Basketballschuh"},"content":{"rendered":"<p>Sportart : Basketball<br \/>Schuhspitze : Rund<br \/>Absatzform : Flach<br \/>Verschluss : Schn\u00fcrung<br \/>Funktion : Atmungsaktiv, Leicht<br \/>Extras : Zuglasche an der Zunge, verst\u00e4rkte Fu\u00dfspitze, verst\u00e4rkte Ferse<br \/>Innensohle : Gepolstert<br \/>Artikelnummer : UN244A02Y-A12<\/p>\n","protected":false},"excerpt":{"rendered":"<p>Sportart : Basketball<br \/>Schuhspitze : Rund<br \/>Absatzform : Flach<br \/>Verschluss : Schn\u00fcrung<br \/>Funktion : Atmungsaktiv, Leicht<br \/>Extras : Zuglasche an der Zunge, verst\u00e4rkte Fu\u00dfspi<\/p>\n","protected":false},"featured_media":0,"comment_status":"open","ping_status":"closed","template":"","meta":[],"product_brand":[95],"product_cat":[2180,2531,2566],"product_tag":[],"class_list":{"0":"post-2872998","1":"product","2":"type-product","3":"status-publish","5":"product_brand-under-armour","6":"product_cat-damen","7":"product_cat-schuhe-3","8":"product_cat-sportschuhe-3","10":"first","11":"instock","12":"shipping-taxable","13":"purchasable","14":"product-type-variable"},"jetpack_sharing_enabled":true,"_links":{"self":[{"href":"https:\/\/mallwp.wufadu.top\/index.php\/wp-json\/wp\/v2\/product\/2872998","targetHints":{"allow":["GET"]}}],"collection":[{"href":"https:\/\/mallwp.wufadu.top\/index.php\/wp-json\/wp\/v2\/product"}],"about":[{"href":"https:\/\/mallwp.wufadu.top\/index.php\/wp-json\/wp\/v2\/types\/product"}],"replies":[{"embeddable":true,"href":"https:\/\/mallwp.wufadu.top\/index.php\/wp-json\/wp\/v2\/comments?post=2872998"}],"wp:attachment":[{"href":"https:\/\/mallwp.wufadu.top\/index.php\/wp-json\/wp\/v2\/media?parent=2872998"}],"wp:term":[{"taxonomy":"product_brand","embeddable":true,"href":"https:\/\/mallwp.wufadu.top\/index.php\/wp-json\/wp\/v2\/product_brand?post=2872998"},{"taxonomy":"product_cat","embeddable":true,"href":"https:\/\/mallwp.wufadu.top\/index.php\/wp-json\/wp\/v2\/product_cat?post=2872998"},{"taxonomy":"product_tag","embeddable":true,"href":"https:\/\/mallwp.wufadu.top\/index.php\/wp-json\/wp\/v2\/product_tag?post=2872998"}],"curies":[{"name":"wp","href":"https:\/\/api.w.org\/{rel}","templated":true}]}}