{"id":2916953,"date":"2025-08-24T22:35:19","date_gmt":"2025-08-24T22:35:19","guid":{"rendered":""},"modified":"2025-08-24T22:35:19","modified_gmt":"2025-08-24T22:35:19","slug":"apparition-tech-sneaker-low-khaki-2","status":"publish","type":"product","link":"https:\/\/mallwp.wufadu.top\/index.php\/product\/apparition-tech-sneaker-low-khaki-2\/","title":{"rendered":"APPARITION TECH &#8211; Sneaker low &#8211; khaki"},"content":{"rendered":"<p>Sportart : Training &#038; Fitness<br \/>D\u00e4mpfung : Moderat<br \/>Schuhspitze : Rund<br \/>Absatzform : Plateau<br \/>Verschluss : Schn\u00fcrung<br \/>Funktion : Reflektierend, atmungsaktiv<br \/>Extras : Zuglasche an der Ferse, verst\u00e4rkte Ferse, verst\u00e4rkte Fu\u00dfspitze, reflektierende Elemente<br \/>Innensohle : Konturiert, gepolstert, herausnehmbar<br \/>Artikelnummer : UN244A03C-N11<\/p>\n","protected":false},"excerpt":{"rendered":"<p>Sportart : Training &#038; Fitness<br \/>D\u00e4mpfung : Moderat<br \/>Schuhspitze : Rund<br \/>Absatzform : Plateau<br \/>Verschluss : Schn\u00fcrung<br \/>Funktion : Reflektierend, atmungsaktiv<br \/>Extras : Zu<\/p>\n","protected":false},"featured_media":0,"comment_status":"open","ping_status":"closed","template":"","meta":[],"product_brand":[95],"product_cat":[2180,2531,2566],"product_tag":[],"class_list":{"0":"post-2916953","1":"product","2":"type-product","3":"status-publish","5":"product_brand-under-armour","6":"product_cat-damen","7":"product_cat-schuhe-3","8":"product_cat-sportschuhe-3","10":"first","11":"instock","12":"shipping-taxable","13":"purchasable","14":"product-type-variable"},"jetpack_sharing_enabled":true,"_links":{"self":[{"href":"https:\/\/mallwp.wufadu.top\/index.php\/wp-json\/wp\/v2\/product\/2916953","targetHints":{"allow":["GET"]}}],"collection":[{"href":"https:\/\/mallwp.wufadu.top\/index.php\/wp-json\/wp\/v2\/product"}],"about":[{"href":"https:\/\/mallwp.wufadu.top\/index.php\/wp-json\/wp\/v2\/types\/product"}],"replies":[{"embeddable":true,"href":"https:\/\/mallwp.wufadu.top\/index.php\/wp-json\/wp\/v2\/comments?post=2916953"}],"wp:attachment":[{"href":"https:\/\/mallwp.wufadu.top\/index.php\/wp-json\/wp\/v2\/media?parent=2916953"}],"wp:term":[{"taxonomy":"product_brand","embeddable":true,"href":"https:\/\/mallwp.wufadu.top\/index.php\/wp-json\/wp\/v2\/product_brand?post=2916953"},{"taxonomy":"product_cat","embeddable":true,"href":"https:\/\/mallwp.wufadu.top\/index.php\/wp-json\/wp\/v2\/product_cat?post=2916953"},{"taxonomy":"product_tag","embeddable":true,"href":"https:\/\/mallwp.wufadu.top\/index.php\/wp-json\/wp\/v2\/product_tag?post=2916953"}],"curies":[{"name":"wp","href":"https:\/\/api.w.org\/{rel}","templated":true}]}}