{"id":327983,"date":"2025-08-24T20:39:06","date_gmt":"2025-08-24T20:39:06","guid":{"rendered":""},"modified":"2025-08-24T20:39:06","modified_gmt":"2025-08-24T20:39:06","slug":"rondane-softshelljacke-hokkaido","status":"publish","type":"product","link":"https:\/\/mallwp.wufadu.top\/index.php\/product\/rondane-softshelljacke-hokkaido\/","title":{"rendered":"RONDANE  &#8211; Softshelljacke &#8211; hokkaido"},"content":{"rendered":"<p>Sportart : Wandern &#038; Trekking, Bergsteigen<br \/>Wetter : Regen<br \/>Kragen : Kapuze<br \/>Kragen : Hochabschlie\u00dfend, Kinnschutz<br \/>Bel\u00fcftung : Unterarmrei\u00dfverschl\u00fcsse<br \/>Verschluss : Rei\u00dfverschluss<br \/>Taschen : Mit Rei\u00dfverschluss verschlie\u00dfbare Taschen<br \/>Verschluss : Frontrei\u00dfverschluss durchgehend, unterlegt<br \/>Kapuze : Helmtauglich<br \/>\u00c4rmelb\u00fcndchen : Elastisch<br \/>Details Kapuze : Gef\u00fctterte Kapuze<br \/>Muster : Print<br \/>Details : Unterlegter Rei\u00dfverschluss<br \/>Schichten : 3. Schicht (Wetterschutz) &#8211; Softshell<br \/>Funktion : Atmungsaktiv, wasserabweisend, winddicht<br \/>Anzahl Schichten : Drei Lagen<br \/>Au\u00dfensohle : Abriebfest<br \/>Innensohle : Herausnehmbar<br \/>Artikelnummer : VA443F01I-H11<\/p>\n","protected":false},"excerpt":{"rendered":"<p>Sportart : Wandern &#038; Trekking, Bergsteigen<br \/>Wetter : Regen<br \/>Kragen : Kapuze<br \/>Kragen : Hochabschlie\u00dfend, Kinnschutz<br \/>Bel\u00fcftung : Unterarmrei\u00dfverschl\u00fcsse<br \/>Verschluss : Rei\u00df<\/p>\n","protected":false},"featured_media":0,"comment_status":"open","ping_status":"closed","template":"","meta":[],"product_brand":[330],"product_cat":[582,45,672],"product_tag":[],"class_list":{"0":"post-327983","1":"product","2":"type-product","3":"status-publish","5":"product_brand-vaude","6":"product_cat-bekleidung","7":"product_cat-kinder","8":"product_cat-sportbekleidung","10":"first","11":"instock","12":"shipping-taxable","13":"purchasable","14":"product-type-variable"},"jetpack_sharing_enabled":true,"_links":{"self":[{"href":"https:\/\/mallwp.wufadu.top\/index.php\/wp-json\/wp\/v2\/product\/327983","targetHints":{"allow":["GET"]}}],"collection":[{"href":"https:\/\/mallwp.wufadu.top\/index.php\/wp-json\/wp\/v2\/product"}],"about":[{"href":"https:\/\/mallwp.wufadu.top\/index.php\/wp-json\/wp\/v2\/types\/product"}],"replies":[{"embeddable":true,"href":"https:\/\/mallwp.wufadu.top\/index.php\/wp-json\/wp\/v2\/comments?post=327983"}],"wp:attachment":[{"href":"https:\/\/mallwp.wufadu.top\/index.php\/wp-json\/wp\/v2\/media?parent=327983"}],"wp:term":[{"taxonomy":"product_brand","embeddable":true,"href":"https:\/\/mallwp.wufadu.top\/index.php\/wp-json\/wp\/v2\/product_brand?post=327983"},{"taxonomy":"product_cat","embeddable":true,"href":"https:\/\/mallwp.wufadu.top\/index.php\/wp-json\/wp\/v2\/product_cat?post=327983"},{"taxonomy":"product_tag","embeddable":true,"href":"https:\/\/mallwp.wufadu.top\/index.php\/wp-json\/wp\/v2\/product_tag?post=327983"}],"curies":[{"name":"wp","href":"https:\/\/api.w.org\/{rel}","templated":true}]}}