{"id":329094,"date":"2025-08-24T20:39:09","date_gmt":"2025-08-24T20:39:09","guid":{"rendered":""},"modified":"2025-08-24T20:39:09","modified_gmt":"2025-08-24T20:39:09","slug":"spiket-jr-skihose-8","status":"publish","type":"product","link":"https:\/\/mallwp.wufadu.top\/index.php\/product\/spiket-jr-skihose-8\/","title":{"rendered":"SPIKET JR &#8211; Skihose"},"content":{"rendered":"<p>Sportart : Snowboard, Ski Alpin<br \/>Wetter : Schnee<br \/>Bund : Elastisch<br \/>Leibh\u00f6he : Normal<br \/>Beinrei\u00dfverschl\u00fcsse zur Bel\u00fcftung : Nicht durchg\u00e4ngig<br \/>Volumenregulierung : Im Beinabschluss<br \/>Extras : Getapte (geklebte) N\u00e4hte<br \/>Verschluss : Verdeckter Zip-Fly<br \/>Taschen : Ges\u00e4\u00dftaschen, Seitentaschen<br \/>Beinabschluss : Mit Rei\u00dfverschluss<br \/>Taschen : Ges\u00e4\u00dftasche<br \/>Muster : Unifarben<br \/>Details : Rei\u00dfverschluss<br \/>Verst\u00e4rkungen : Kn\u00f6chelinnenseite<br \/>Funktion : Atmungsaktiv, wasserdicht<br \/>Anzahl Schichten : Zwei Lagen<br \/>Gewicht : 0 g<br \/>Artikelnummer : P4443E019-Q11<\/p>\n","protected":false},"excerpt":{"rendered":"<p>Sportart : Snowboard, Ski Alpin<br \/>Wetter : Schnee<br \/>Bund : Elastisch<br \/>Leibh\u00f6he : Normal<br \/>Beinrei\u00dfverschl\u00fcsse zur Bel\u00fcftung : Nicht durchg\u00e4ngig<br \/>Volumenregulierung : Im Bein<\/p>\n","protected":false},"featured_media":0,"comment_status":"open","ping_status":"closed","template":"","meta":[],"product_brand":[101],"product_cat":[582,45,672],"product_tag":[],"class_list":{"0":"post-329094","1":"product","2":"type-product","3":"status-publish","5":"product_brand-protest","6":"product_cat-bekleidung","7":"product_cat-kinder","8":"product_cat-sportbekleidung","10":"first","11":"instock","12":"shipping-taxable","13":"purchasable","14":"product-type-variable"},"jetpack_sharing_enabled":true,"_links":{"self":[{"href":"https:\/\/mallwp.wufadu.top\/index.php\/wp-json\/wp\/v2\/product\/329094","targetHints":{"allow":["GET"]}}],"collection":[{"href":"https:\/\/mallwp.wufadu.top\/index.php\/wp-json\/wp\/v2\/product"}],"about":[{"href":"https:\/\/mallwp.wufadu.top\/index.php\/wp-json\/wp\/v2\/types\/product"}],"replies":[{"embeddable":true,"href":"https:\/\/mallwp.wufadu.top\/index.php\/wp-json\/wp\/v2\/comments?post=329094"}],"wp:attachment":[{"href":"https:\/\/mallwp.wufadu.top\/index.php\/wp-json\/wp\/v2\/media?parent=329094"}],"wp:term":[{"taxonomy":"product_brand","embeddable":true,"href":"https:\/\/mallwp.wufadu.top\/index.php\/wp-json\/wp\/v2\/product_brand?post=329094"},{"taxonomy":"product_cat","embeddable":true,"href":"https:\/\/mallwp.wufadu.top\/index.php\/wp-json\/wp\/v2\/product_cat?post=329094"},{"taxonomy":"product_tag","embeddable":true,"href":"https:\/\/mallwp.wufadu.top\/index.php\/wp-json\/wp\/v2\/product_tag?post=329094"}],"curies":[{"name":"wp","href":"https:\/\/api.w.org\/{rel}","templated":true}]}}