{"id":343058,"date":"2025-08-24T20:39:46","date_gmt":"2025-08-24T20:39:46","guid":{"rendered":""},"modified":"2025-08-24T20:39:46","modified_gmt":"2025-08-24T20:39:46","slug":"broderad-a-linien-rock","status":"publish","type":"product","link":"https:\/\/mallwp.wufadu.top\/index.php\/product\/broderad-a-linien-rock\/","title":{"rendered":"BRODERAD &#8211; A-Linien-Rock"},"content":{"rendered":"<p>Muster : Unifarben<br \/>Details : Elastischer Bund, Bord\u00fcre, Unterrock, Stickerei, H\u00e4keleins\u00e4tze<br \/>Artikelnummer : N8H23E002-J11<\/p>\n","protected":false},"excerpt":{"rendered":"<p>Muster : Unifarben<br \/>Details : Elastischer Bund, Bord\u00fcre, Unterrock, Stickerei, H\u00e4keleins\u00e4tze<br \/>Artikelnummer : N8H23E002-J11<\/p>\n","protected":false},"featured_media":0,"comment_status":"open","ping_status":"closed","template":"","meta":[],"product_brand":[584],"product_cat":[582,45,688],"product_tag":[],"class_list":{"0":"post-343058","1":"product","2":"type-product","3":"status-publish","5":"product_brand-newbie","6":"product_cat-bekleidung","7":"product_cat-kinder","8":"product_cat-roecke","10":"first","11":"instock","12":"shipping-taxable","13":"purchasable","14":"product-type-variable"},"jetpack_sharing_enabled":true,"_links":{"self":[{"href":"https:\/\/mallwp.wufadu.top\/index.php\/wp-json\/wp\/v2\/product\/343058","targetHints":{"allow":["GET"]}}],"collection":[{"href":"https:\/\/mallwp.wufadu.top\/index.php\/wp-json\/wp\/v2\/product"}],"about":[{"href":"https:\/\/mallwp.wufadu.top\/index.php\/wp-json\/wp\/v2\/types\/product"}],"replies":[{"embeddable":true,"href":"https:\/\/mallwp.wufadu.top\/index.php\/wp-json\/wp\/v2\/comments?post=343058"}],"wp:attachment":[{"href":"https:\/\/mallwp.wufadu.top\/index.php\/wp-json\/wp\/v2\/media?parent=343058"}],"wp:term":[{"taxonomy":"product_brand","embeddable":true,"href":"https:\/\/mallwp.wufadu.top\/index.php\/wp-json\/wp\/v2\/product_brand?post=343058"},{"taxonomy":"product_cat","embeddable":true,"href":"https:\/\/mallwp.wufadu.top\/index.php\/wp-json\/wp\/v2\/product_cat?post=343058"},{"taxonomy":"product_tag","embeddable":true,"href":"https:\/\/mallwp.wufadu.top\/index.php\/wp-json\/wp\/v2\/product_tag?post=343058"}],"curies":[{"name":"wp","href":"https:\/\/api.w.org\/{rel}","templated":true}]}}