{"id":3809238,"date":"2025-08-24T23:10:19","date_gmt":"2025-08-24T23:10:19","guid":{"rendered":""},"modified":"2025-08-24T23:10:19","modified_gmt":"2025-08-24T23:10:19","slug":"skomer-parka-lavender","status":"publish","type":"product","link":"https:\/\/mallwp.wufadu.top\/index.php\/product\/skomer-parka-lavender\/","title":{"rendered":"SKOMER &#8211; Parka &#8211; lavender"},"content":{"rendered":"<p>Sportart : Bergsteigen, Wandern &#038; Trekking<br \/>Wetter : Regen<br \/>Kragen : Kapuze<br \/>Kragen : Kinnschutz, hochabschlie\u00dfend<br \/>Extras : Kordelzug im Saum, Rei\u00dfverschl\u00fcsse wasserdicht<br \/>Bel\u00fcftung : Unterarmrei\u00dfverschl\u00fcsse<br \/>Verschluss : Rei\u00dfverschluss<br \/>Taschen : Innenliegende Tasche, mit Rei\u00dfverschluss verschlie\u00dfbare Taschen<br \/>Verschluss : Zwei-Wege-Zipper, Frontrei\u00dfverschluss durchgehend, unterlegt<br \/>Kapuze : Verstellbar<br \/>\u00c4rmelb\u00fcndchen : Verstellbar durch Klettverschluss<br \/>Details Kapuze : Kapuze mit Tunnelzug<br \/>Muster : Unifarben<br \/>Details : Unterlegter Rei\u00dfverschluss, Zwei-Wege-Rei\u00dfverschluss, Stickerei<br \/>Funktion : Atmungsaktiv, wasserdicht, wasserabweisend, winddicht<br \/>Anzahl Schichten : Zwei Lagen<br \/>Artikelnummer : VA441F087-I11<\/p>\n","protected":false},"excerpt":{"rendered":"<p>Sportart : Bergsteigen, Wandern &#038; Trekking<br \/>Wetter : Regen<br \/>Kragen : Kapuze<br \/>Kragen : Kinnschutz, hochabschlie\u00dfend<br \/>Extras : Kordelzug im Saum, Rei\u00dfverschl\u00fcsse wasserdicht<\n<\/p>\n","protected":false},"featured_media":0,"comment_status":"open","ping_status":"closed","template":"","meta":[],"product_brand":[330],"product_cat":[2687,2180,2842],"product_tag":[],"class_list":{"0":"post-3809238","1":"product","2":"type-product","3":"status-publish","5":"product_brand-vaude","6":"product_cat-bekleidung-3","7":"product_cat-damen","8":"product_cat-maentel-2","10":"first","11":"instock","12":"shipping-taxable","13":"purchasable","14":"product-type-variable"},"jetpack_sharing_enabled":true,"_links":{"self":[{"href":"https:\/\/mallwp.wufadu.top\/index.php\/wp-json\/wp\/v2\/product\/3809238","targetHints":{"allow":["GET"]}}],"collection":[{"href":"https:\/\/mallwp.wufadu.top\/index.php\/wp-json\/wp\/v2\/product"}],"about":[{"href":"https:\/\/mallwp.wufadu.top\/index.php\/wp-json\/wp\/v2\/types\/product"}],"replies":[{"embeddable":true,"href":"https:\/\/mallwp.wufadu.top\/index.php\/wp-json\/wp\/v2\/comments?post=3809238"}],"wp:attachment":[{"href":"https:\/\/mallwp.wufadu.top\/index.php\/wp-json\/wp\/v2\/media?parent=3809238"}],"wp:term":[{"taxonomy":"product_brand","embeddable":true,"href":"https:\/\/mallwp.wufadu.top\/index.php\/wp-json\/wp\/v2\/product_brand?post=3809238"},{"taxonomy":"product_cat","embeddable":true,"href":"https:\/\/mallwp.wufadu.top\/index.php\/wp-json\/wp\/v2\/product_cat?post=3809238"},{"taxonomy":"product_tag","embeddable":true,"href":"https:\/\/mallwp.wufadu.top\/index.php\/wp-json\/wp\/v2\/product_tag?post=3809238"}],"curies":[{"name":"wp","href":"https:\/\/api.w.org\/{rel}","templated":true}]}}