{"id":3833454,"date":"2025-08-24T23:11:22","date_gmt":"2025-08-24T23:11:22","guid":{"rendered":""},"modified":"2025-08-24T23:11:22","modified_gmt":"2025-08-24T23:11:22","slug":"refutura-wintermantel","status":"publish","type":"product","link":"https:\/\/mallwp.wufadu.top\/index.php\/product\/refutura-wintermantel\/","title":{"rendered":"REFUTURA &#8211; Wintermantel"},"content":{"rendered":"<p>Wetter : Regen<br \/>Ausschnitt : Rundhals<br \/>Kragen : Kapuze<br \/>Verschluss : Knopf<br \/>Taschen : Napoleontasche, Pattentaschen, innenliegende Tasche<br \/>Details Kapuze : Gef\u00fctterte Kapuze, Kapuze mit Tunnelzug<br \/>Muster : Unifarben<br \/>Details : Unterlegter Rei\u00dfverschluss, Zwei-Wege-Rei\u00dfverschluss, Abdeckleiste, Rei\u00dfverschluss<br \/>Funktion : Atmungsaktiv, wasserdicht, winddicht<br \/>Artikelnummer : R5921U0CM-O11<\/p>\n","protected":false},"excerpt":{"rendered":"<p>Wetter : Regen<br \/>Ausschnitt : Rundhals<br \/>Kragen : Kapuze<br \/>Verschluss : Knopf<br \/>Taschen : Napoleontasche, Pattentaschen, innenliegende Tasche<br \/>Details Kapuze : Gef\u00fctterte Kap<\/p>\n","protected":false},"featured_media":0,"comment_status":"open","ping_status":"closed","template":"","meta":[],"product_brand":[736],"product_cat":[2687,2180,2842],"product_tag":[],"class_list":{"0":"post-3833454","1":"product","2":"type-product","3":"status-publish","5":"product_brand-ragwear","6":"product_cat-bekleidung-3","7":"product_cat-damen","8":"product_cat-maentel-2","10":"first","11":"instock","12":"shipping-taxable","13":"purchasable","14":"product-type-variable"},"jetpack_sharing_enabled":true,"_links":{"self":[{"href":"https:\/\/mallwp.wufadu.top\/index.php\/wp-json\/wp\/v2\/product\/3833454","targetHints":{"allow":["GET"]}}],"collection":[{"href":"https:\/\/mallwp.wufadu.top\/index.php\/wp-json\/wp\/v2\/product"}],"about":[{"href":"https:\/\/mallwp.wufadu.top\/index.php\/wp-json\/wp\/v2\/types\/product"}],"replies":[{"embeddable":true,"href":"https:\/\/mallwp.wufadu.top\/index.php\/wp-json\/wp\/v2\/comments?post=3833454"}],"wp:attachment":[{"href":"https:\/\/mallwp.wufadu.top\/index.php\/wp-json\/wp\/v2\/media?parent=3833454"}],"wp:term":[{"taxonomy":"product_brand","embeddable":true,"href":"https:\/\/mallwp.wufadu.top\/index.php\/wp-json\/wp\/v2\/product_brand?post=3833454"},{"taxonomy":"product_cat","embeddable":true,"href":"https:\/\/mallwp.wufadu.top\/index.php\/wp-json\/wp\/v2\/product_cat?post=3833454"},{"taxonomy":"product_tag","embeddable":true,"href":"https:\/\/mallwp.wufadu.top\/index.php\/wp-json\/wp\/v2\/product_tag?post=3833454"}],"curies":[{"name":"wp","href":"https:\/\/api.w.org\/{rel}","templated":true}]}}