{"id":3889241,"date":"2025-08-24T23:13:46","date_gmt":"2025-08-24T23:13:46","guid":{"rendered":""},"modified":"2025-08-24T23:13:46","modified_gmt":"2025-08-24T23:13:46","slug":"primaloft-padded-with-piping-skijacke","status":"publish","type":"product","link":"https:\/\/mallwp.wufadu.top\/index.php\/product\/primaloft-padded-with-piping-skijacke\/","title":{"rendered":"PRIMALOFT PADDED WITH PIPING &#8211; Skijacke"},"content":{"rendered":"<p>Sportart : Ski Alpin<br \/>Wetter : Schnee<br \/>Kragen : Kapuze<br \/>Kragen : Hochabschlie\u00dfend, gef\u00fcttert<br \/>Extras : Daumenschlaufen, reflektierende Elemente<br \/>Bel\u00fcftung : Unterarmrei\u00dfverschl\u00fcsse<br \/>Verschluss : Rei\u00dfverschluss<br \/>Taschen : Eingrifftaschen, innenliegende Tasche, Tasche am \u00c4rmel<br \/>Verschluss : Abdeckleiste, Frontrei\u00dfverschluss durchgehend<br \/>Kapuze : Verstellbar<br \/>\u00c4rmelb\u00fcndchen : Verstellbar durch Klettverschluss<br \/>Details Kapuze : Gef\u00fctterte Kapuze<br \/>Muster : Unifarben<br \/>Details : Abdeckleiste, G\u00fcrtel inklusive<br \/>Funktion : Atmungsaktiv, winddicht, wasserdicht<br \/>Artikelnummer : OY121U04Q-Q11<\/p>\n","protected":false},"excerpt":{"rendered":"<p>Sportart : Ski Alpin<br \/>Wetter : Schnee<br \/>Kragen : Kapuze<br \/>Kragen : Hochabschlie\u00dfend, gef\u00fcttert<br \/>Extras : Daumenschlaufen, reflektierende Elemente<br \/>Bel\u00fcftung : Unterarmrei\u00dfv<\/p>\n","protected":false},"featured_media":0,"comment_status":"open","ping_status":"closed","template":"","meta":[],"product_brand":[2189],"product_cat":[2687,2180,2982],"product_tag":[],"class_list":{"0":"post-3889241","1":"product","2":"type-product","3":"status-publish","5":"product_brand-oysho","6":"product_cat-bekleidung-3","7":"product_cat-damen","8":"product_cat-sportbekleidung-3","10":"first","11":"instock","12":"shipping-taxable","13":"purchasable","14":"product-type-variable"},"jetpack_sharing_enabled":true,"_links":{"self":[{"href":"https:\/\/mallwp.wufadu.top\/index.php\/wp-json\/wp\/v2\/product\/3889241","targetHints":{"allow":["GET"]}}],"collection":[{"href":"https:\/\/mallwp.wufadu.top\/index.php\/wp-json\/wp\/v2\/product"}],"about":[{"href":"https:\/\/mallwp.wufadu.top\/index.php\/wp-json\/wp\/v2\/types\/product"}],"replies":[{"embeddable":true,"href":"https:\/\/mallwp.wufadu.top\/index.php\/wp-json\/wp\/v2\/comments?post=3889241"}],"wp:attachment":[{"href":"https:\/\/mallwp.wufadu.top\/index.php\/wp-json\/wp\/v2\/media?parent=3889241"}],"wp:term":[{"taxonomy":"product_brand","embeddable":true,"href":"https:\/\/mallwp.wufadu.top\/index.php\/wp-json\/wp\/v2\/product_brand?post=3889241"},{"taxonomy":"product_cat","embeddable":true,"href":"https:\/\/mallwp.wufadu.top\/index.php\/wp-json\/wp\/v2\/product_cat?post=3889241"},{"taxonomy":"product_tag","embeddable":true,"href":"https:\/\/mallwp.wufadu.top\/index.php\/wp-json\/wp\/v2\/product_tag?post=3889241"}],"curies":[{"name":"wp","href":"https:\/\/api.w.org\/{rel}","templated":true}]}}