{"id":3925609,"date":"2025-08-24T23:15:23","date_gmt":"2025-08-24T23:15:23","guid":{"rendered":""},"modified":"2025-08-24T23:15:23","modified_gmt":"2025-08-24T23:15:23","slug":"monviso-3l-hardshelljacke-agave","status":"publish","type":"product","link":"https:\/\/mallwp.wufadu.top\/index.php\/product\/monviso-3l-hardshelljacke-agave\/","title":{"rendered":"MONVISO 3L &#8211; Hardshelljacke &#8211; agave"},"content":{"rendered":"<p>Sportart : Urban Outdoor<br \/>Wetter : Schnee<br \/>Kragen : Kapuze<br \/>Kragen : Kinnschutz, hochabschlie\u00dfend<br \/>Extras : Getapte N\u00e4hte, Rei\u00dfverschl\u00fcsse wasserabweisend, Kordelzug im Saum<br \/>Bel\u00fcftung : Unterarmrei\u00dfverschl\u00fcsse<br \/>Verschluss : Rei\u00dfverschluss<br \/>Taschen : Mit Rei\u00dfverschluss verschlie\u00dfbare Taschen, Napoleontasche, Tasche am \u00c4rmel<br \/>Verschluss : Zwei-Wege-Zipper<br \/>Kapuze : Helmtauglich<br \/>\u00c4rmelb\u00fcndchen : Verstellbar durch Klettverschluss<br \/>Details Kapuze : Kapuze mit Tunnelzug<br \/>Muster : Unifarben<br \/>Details : Zwei-Wege-Rei\u00dfverschluss, unterlegter Rei\u00dfverschluss<br \/>Schichten : 3. Schicht (Wetterschutz) &#8211; Hardshell<br \/>Funktion : Wasserdicht<br \/>Anzahl Schichten : Drei Lagen<br \/>Artikelnummer : VA441F07O-M12<\/p>\n","protected":false},"excerpt":{"rendered":"<p>Sportart : Urban Outdoor<br \/>Wetter : Schnee<br \/>Kragen : Kapuze<br \/>Kragen : Kinnschutz, hochabschlie\u00dfend<br \/>Extras : Getapte N\u00e4hte, Rei\u00dfverschl\u00fcsse wasserabweisend, Kordelzug im Sau<\/p>\n","protected":false},"featured_media":0,"comment_status":"open","ping_status":"closed","template":"","meta":[],"product_brand":[330],"product_cat":[2687,2180,2982],"product_tag":[],"class_list":{"0":"post-3925609","1":"product","2":"type-product","3":"status-publish","5":"product_brand-vaude","6":"product_cat-bekleidung-3","7":"product_cat-damen","8":"product_cat-sportbekleidung-3","10":"first","11":"instock","12":"shipping-taxable","13":"purchasable","14":"product-type-variable"},"jetpack_sharing_enabled":true,"_links":{"self":[{"href":"https:\/\/mallwp.wufadu.top\/index.php\/wp-json\/wp\/v2\/product\/3925609","targetHints":{"allow":["GET"]}}],"collection":[{"href":"https:\/\/mallwp.wufadu.top\/index.php\/wp-json\/wp\/v2\/product"}],"about":[{"href":"https:\/\/mallwp.wufadu.top\/index.php\/wp-json\/wp\/v2\/types\/product"}],"replies":[{"embeddable":true,"href":"https:\/\/mallwp.wufadu.top\/index.php\/wp-json\/wp\/v2\/comments?post=3925609"}],"wp:attachment":[{"href":"https:\/\/mallwp.wufadu.top\/index.php\/wp-json\/wp\/v2\/media?parent=3925609"}],"wp:term":[{"taxonomy":"product_brand","embeddable":true,"href":"https:\/\/mallwp.wufadu.top\/index.php\/wp-json\/wp\/v2\/product_brand?post=3925609"},{"taxonomy":"product_cat","embeddable":true,"href":"https:\/\/mallwp.wufadu.top\/index.php\/wp-json\/wp\/v2\/product_cat?post=3925609"},{"taxonomy":"product_tag","embeddable":true,"href":"https:\/\/mallwp.wufadu.top\/index.php\/wp-json\/wp\/v2\/product_tag?post=3925609"}],"curies":[{"name":"wp","href":"https:\/\/api.w.org\/{rel}","templated":true}]}}