{"id":3949856,"date":"2025-08-24T23:16:27","date_gmt":"2025-08-24T23:16:27","guid":{"rendered":""},"modified":"2025-08-24T23:16:27","modified_gmt":"2025-08-24T23:16:27","slug":"pizac-hardshelljacke","status":"publish","type":"product","link":"https:\/\/mallwp.wufadu.top\/index.php\/product\/pizac-hardshelljacke\/","title":{"rendered":"PIZAC &#8211; Hardshelljacke"},"content":{"rendered":"<p>Sportart : Klettern, Wandern &#038; Trekking<br \/>Wetter : Regen<br \/>Kragen : Kapuze<br \/>Kragen : Gef\u00fcttert, hochabschlie\u00dfend, Kinnschutz<br \/>Extras : Rei\u00dfverschl\u00fcsse wasserdicht<br \/>Bel\u00fcftung : Unterarmrei\u00dfverschl\u00fcsse<br \/>Verschluss : Rei\u00dfverschluss<br \/>Taschen : Brusttasche, Tasche am \u00c4rmel, mit Rei\u00dfverschluss verschlie\u00dfbare Taschen<br \/>Verschluss : Frontrei\u00dfverschluss durchgehend, Zwei-Wege-Zipper<br \/>Kapuze : Verstellbar, helmtauglich<br \/>\u00c4rmelb\u00fcndchen : Verstellbar durch Klettverschluss<br \/>Details Kapuze : Abnehmbare Kapuze, Kapuze mit Tunnelzug<br \/>Muster : Unifarben<br \/>Details : Zwei-Wege-Rei\u00dfverschluss, Rei\u00dfverschluss<br \/>Funktion : Atmungsaktiv, wasserdicht, winddicht<br \/>Artikelnummer : SC741F0AH-M11<\/p>\n","protected":false},"excerpt":{"rendered":"<p>Sportart : Klettern, Wandern &#038; Trekking<br \/>Wetter : Regen<br \/>Kragen : Kapuze<br \/>Kragen : Gef\u00fcttert, hochabschlie\u00dfend, Kinnschutz<br \/>Extras : Rei\u00dfverschl\u00fcsse wasserdicht<br \/>Bel\u00fcftun<\/p>\n","protected":false},"featured_media":0,"comment_status":"open","ping_status":"closed","template":"","meta":[],"product_brand":[1845],"product_cat":[2687,2180,2982],"product_tag":[],"class_list":{"0":"post-3949856","1":"product","2":"type-product","3":"status-publish","5":"product_brand-schoeffel","6":"product_cat-bekleidung-3","7":"product_cat-damen","8":"product_cat-sportbekleidung-3","10":"first","11":"instock","12":"shipping-taxable","13":"purchasable","14":"product-type-variable"},"jetpack_sharing_enabled":true,"_links":{"self":[{"href":"https:\/\/mallwp.wufadu.top\/index.php\/wp-json\/wp\/v2\/product\/3949856","targetHints":{"allow":["GET"]}}],"collection":[{"href":"https:\/\/mallwp.wufadu.top\/index.php\/wp-json\/wp\/v2\/product"}],"about":[{"href":"https:\/\/mallwp.wufadu.top\/index.php\/wp-json\/wp\/v2\/types\/product"}],"replies":[{"embeddable":true,"href":"https:\/\/mallwp.wufadu.top\/index.php\/wp-json\/wp\/v2\/comments?post=3949856"}],"wp:attachment":[{"href":"https:\/\/mallwp.wufadu.top\/index.php\/wp-json\/wp\/v2\/media?parent=3949856"}],"wp:term":[{"taxonomy":"product_brand","embeddable":true,"href":"https:\/\/mallwp.wufadu.top\/index.php\/wp-json\/wp\/v2\/product_brand?post=3949856"},{"taxonomy":"product_cat","embeddable":true,"href":"https:\/\/mallwp.wufadu.top\/index.php\/wp-json\/wp\/v2\/product_cat?post=3949856"},{"taxonomy":"product_tag","embeddable":true,"href":"https:\/\/mallwp.wufadu.top\/index.php\/wp-json\/wp\/v2\/product_tag?post=3949856"}],"curies":[{"name":"wp","href":"https:\/\/api.w.org\/{rel}","templated":true}]}}