{"id":3976034,"date":"2025-08-24T23:17:38","date_gmt":"2025-08-24T23:17:38","guid":{"rendered":""},"modified":"2025-08-24T23:17:38","modified_gmt":"2025-08-24T23:17:38","slug":"textor-winterjacke-phantom","status":"publish","type":"product","link":"https:\/\/mallwp.wufadu.top\/index.php\/product\/textor-winterjacke-phantom\/","title":{"rendered":"TEXTOR  &#8211; Winterjacke &#8211; phantom"},"content":{"rendered":"<p>Sportart : Wandern &#038; Trekking, Klettern, Urban Outdoor<br \/>Wetter : Regen<br \/>Kragen : Kapuze<br \/>Kragen : Kinnschutz<br \/>Extras : Rei\u00dfverschl\u00fcsse wasserdicht<br \/>Bel\u00fcftung : Unterarmrei\u00dfverschl\u00fcsse<br \/>Verschluss : Rei\u00dfverschluss<br \/>Taschen : Innenliegende Tasche, mit Rei\u00dfverschluss verschlie\u00dfbare Taschen<br \/>Verschluss : Unterlegt, Frontrei\u00dfverschluss durchgehend, Zwei-Wege-Zipper<br \/>Kapuze : Verstellbar, im Kragen verstaubar<br \/>\u00c4rmelb\u00fcndchen : Elastisch<br \/>Details Kapuze : Gef\u00fctterte Kapuze<br \/>Muster : Unifarben<br \/>Details : Unterlegter Rei\u00dfverschluss, Zwei-Wege-Rei\u00dfverschluss<br \/>Funktion : Winddicht, wasserdicht, atmungsaktiv<br \/>Artikelnummer : JA441F0JI-Q11<\/p>\n","protected":false},"excerpt":{"rendered":"<p>Sportart : Wandern &#038; Trekking, Klettern, Urban Outdoor<br \/>Wetter : Regen<br \/>Kragen : Kapuze<br \/>Kragen : Kinnschutz<br \/>Extras : Rei\u00dfverschl\u00fcsse wasserdicht<br \/>Bel\u00fcftung : Unterarmre<\/p>\n","protected":false},"featured_media":0,"comment_status":"open","ping_status":"closed","template":"","meta":[],"product_brand":[92],"product_cat":[2687,2180,2982],"product_tag":[],"class_list":{"0":"post-3976034","1":"product","2":"type-product","3":"status-publish","5":"product_brand-jack-wolfskin","6":"product_cat-bekleidung-3","7":"product_cat-damen","8":"product_cat-sportbekleidung-3","10":"first","11":"instock","12":"shipping-taxable","13":"purchasable","14":"product-type-variable"},"jetpack_sharing_enabled":true,"_links":{"self":[{"href":"https:\/\/mallwp.wufadu.top\/index.php\/wp-json\/wp\/v2\/product\/3976034","targetHints":{"allow":["GET"]}}],"collection":[{"href":"https:\/\/mallwp.wufadu.top\/index.php\/wp-json\/wp\/v2\/product"}],"about":[{"href":"https:\/\/mallwp.wufadu.top\/index.php\/wp-json\/wp\/v2\/types\/product"}],"replies":[{"embeddable":true,"href":"https:\/\/mallwp.wufadu.top\/index.php\/wp-json\/wp\/v2\/comments?post=3976034"}],"wp:attachment":[{"href":"https:\/\/mallwp.wufadu.top\/index.php\/wp-json\/wp\/v2\/media?parent=3976034"}],"wp:term":[{"taxonomy":"product_brand","embeddable":true,"href":"https:\/\/mallwp.wufadu.top\/index.php\/wp-json\/wp\/v2\/product_brand?post=3976034"},{"taxonomy":"product_cat","embeddable":true,"href":"https:\/\/mallwp.wufadu.top\/index.php\/wp-json\/wp\/v2\/product_cat?post=3976034"},{"taxonomy":"product_tag","embeddable":true,"href":"https:\/\/mallwp.wufadu.top\/index.php\/wp-json\/wp\/v2\/product_tag?post=3976034"}],"curies":[{"name":"wp","href":"https:\/\/api.w.org\/{rel}","templated":true}]}}