{"id":3977956,"date":"2025-08-24T23:17:43","date_gmt":"2025-08-24T23:17:43","guid":{"rendered":""},"modified":"2025-08-24T23:17:43","modified_gmt":"2025-08-24T23:17:43","slug":"skijacke-14","status":"publish","type":"product","link":"https:\/\/mallwp.wufadu.top\/index.php\/product\/skijacke-14\/","title":{"rendered":"Skijacke"},"content":{"rendered":"<p>Sportart : Ski Alpin<br \/>Wetter : Schnee<br \/>Kragen : Kapuze<br \/>Kragen : Hochabschlie\u00dfend, gef\u00fcttert<br \/>Extras : Kordelzug im Saum, Daumenschlaufen<br \/>Bel\u00fcftung : Unterarmrei\u00dfverschl\u00fcsse<br \/>Verschluss : Rei\u00dfverschluss<br \/>Taschen : Mit Rei\u00dfverschluss verschlie\u00dfbare Taschen, Tasche am \u00c4rmel<br \/>Verschluss : Frontrei\u00dfverschluss durchgehend, unterlegt<br \/>Kapuze : Abnehmbare Kapuze, helmtauglich<br \/>\u00c4rmelb\u00fcndchen : Elastisch<br \/>Details Kapuze : Gef\u00fctterte Kapuze, abnehmbare Kapuze<br \/>Muster : Unifarben<br \/>Details : Unterlegter Rei\u00dfverschluss<br \/>Artikelnummer : EV941F017-J11<\/p>\n","protected":false},"excerpt":{"rendered":"<p>Sportart : Ski Alpin<br \/>Wetter : Schnee<br \/>Kragen : Kapuze<br \/>Kragen : Hochabschlie\u00dfend, gef\u00fcttert<br \/>Extras : Kordelzug im Saum, Daumenschlaufen<br \/>Bel\u00fcftung : Unterarmrei\u00dfverschl<\/p>\n","protected":false},"featured_media":0,"comment_status":"open","ping_status":"closed","template":"","meta":[],"product_brand":[2033],"product_cat":[2687,2180,2982],"product_tag":[],"class_list":{"0":"post-3977956","1":"product","2":"type-product","3":"status-publish","5":"product_brand-even-odd-active","6":"product_cat-bekleidung-3","7":"product_cat-damen","8":"product_cat-sportbekleidung-3","10":"first","11":"instock","12":"shipping-taxable","13":"purchasable","14":"product-type-variable"},"jetpack_sharing_enabled":true,"_links":{"self":[{"href":"https:\/\/mallwp.wufadu.top\/index.php\/wp-json\/wp\/v2\/product\/3977956","targetHints":{"allow":["GET"]}}],"collection":[{"href":"https:\/\/mallwp.wufadu.top\/index.php\/wp-json\/wp\/v2\/product"}],"about":[{"href":"https:\/\/mallwp.wufadu.top\/index.php\/wp-json\/wp\/v2\/types\/product"}],"replies":[{"embeddable":true,"href":"https:\/\/mallwp.wufadu.top\/index.php\/wp-json\/wp\/v2\/comments?post=3977956"}],"wp:attachment":[{"href":"https:\/\/mallwp.wufadu.top\/index.php\/wp-json\/wp\/v2\/media?parent=3977956"}],"wp:term":[{"taxonomy":"product_brand","embeddable":true,"href":"https:\/\/mallwp.wufadu.top\/index.php\/wp-json\/wp\/v2\/product_brand?post=3977956"},{"taxonomy":"product_cat","embeddable":true,"href":"https:\/\/mallwp.wufadu.top\/index.php\/wp-json\/wp\/v2\/product_cat?post=3977956"},{"taxonomy":"product_tag","embeddable":true,"href":"https:\/\/mallwp.wufadu.top\/index.php\/wp-json\/wp\/v2\/product_tag?post=3977956"}],"curies":[{"name":"wp","href":"https:\/\/api.w.org\/{rel}","templated":true}]}}