{"id":3980919,"date":"2025-08-24T23:17:51","date_gmt":"2025-08-24T23:17:51","guid":{"rendered":""},"modified":"2025-08-24T23:17:51","modified_gmt":"2025-08-24T23:17:51","slug":"tempest-outdoorjacke","status":"publish","type":"product","link":"https:\/\/mallwp.wufadu.top\/index.php\/product\/tempest-outdoorjacke\/","title":{"rendered":"TEMPEST  &#8211; Outdoorjacke"},"content":{"rendered":"<p>Sportart : Wandern &#038; Trekking<br \/>Wetter : Regen<br \/>Kragen : Kapuze<br \/>Kragen : Hochabschlie\u00dfend, Kinnschutz, gef\u00fcttert<br \/>Extras : Rei\u00dfverschl\u00fcsse wasserdicht<br \/>Bel\u00fcftung : Unterarmrei\u00dfverschl\u00fcsse<br \/>Verschluss : Rei\u00dfverschluss<br \/>Taschen : Eingrifftaschen, Brusttasche<br \/>Verschluss : Frontrei\u00dfverschluss durchgehend<br \/>Kapuze : Verstellbar<br \/>\u00c4rmelb\u00fcndchen : Verstellbar durch Klettverschluss<br \/>Details Kapuze : Kapuze mit Tunnelzug, gef\u00fctterte Kapuze<br \/>Muster : Unifarben<br \/>Funktion : Atmungsaktiv, wasserabweisend, wasserdicht<br \/>Anzahl Schichten : Zwei Lagen<br \/>Artikelnummer : JA421U03C-Q11<\/p>\n","protected":false},"excerpt":{"rendered":"<p>Sportart : Wandern &#038; Trekking<br \/>Wetter : Regen<br \/>Kragen : Kapuze<br \/>Kragen : Hochabschlie\u00dfend, Kinnschutz, gef\u00fcttert<br \/>Extras : Rei\u00dfverschl\u00fcsse wasserdicht<br \/>Bel\u00fcftung : Untera<\/p>\n","protected":false},"featured_media":0,"comment_status":"open","ping_status":"closed","template":"","meta":[],"product_brand":[92],"product_cat":[2687,2180,2982],"product_tag":[],"class_list":{"0":"post-3980919","1":"product","2":"type-product","3":"status-publish","5":"product_brand-jack-wolfskin","6":"product_cat-bekleidung-3","7":"product_cat-damen","8":"product_cat-sportbekleidung-3","10":"first","11":"instock","12":"shipping-taxable","13":"purchasable","14":"product-type-variable"},"jetpack_sharing_enabled":true,"_links":{"self":[{"href":"https:\/\/mallwp.wufadu.top\/index.php\/wp-json\/wp\/v2\/product\/3980919","targetHints":{"allow":["GET"]}}],"collection":[{"href":"https:\/\/mallwp.wufadu.top\/index.php\/wp-json\/wp\/v2\/product"}],"about":[{"href":"https:\/\/mallwp.wufadu.top\/index.php\/wp-json\/wp\/v2\/types\/product"}],"replies":[{"embeddable":true,"href":"https:\/\/mallwp.wufadu.top\/index.php\/wp-json\/wp\/v2\/comments?post=3980919"}],"wp:attachment":[{"href":"https:\/\/mallwp.wufadu.top\/index.php\/wp-json\/wp\/v2\/media?parent=3980919"}],"wp:term":[{"taxonomy":"product_brand","embeddable":true,"href":"https:\/\/mallwp.wufadu.top\/index.php\/wp-json\/wp\/v2\/product_brand?post=3980919"},{"taxonomy":"product_cat","embeddable":true,"href":"https:\/\/mallwp.wufadu.top\/index.php\/wp-json\/wp\/v2\/product_cat?post=3980919"},{"taxonomy":"product_tag","embeddable":true,"href":"https:\/\/mallwp.wufadu.top\/index.php\/wp-json\/wp\/v2\/product_tag?post=3980919"}],"curies":[{"name":"wp","href":"https:\/\/api.w.org\/{rel}","templated":true}]}}