{"id":3983129,"date":"2025-08-24T23:17:57","date_gmt":"2025-08-24T23:17:57","guid":{"rendered":""},"modified":"2025-08-24T23:17:57","modified_gmt":"2025-08-24T23:17:57","slug":"keb-eco-shell-jacket-w-hardshelljacke","status":"publish","type":"product","link":"https:\/\/mallwp.wufadu.top\/index.php\/product\/keb-eco-shell-jacket-w-hardshelljacke\/","title":{"rendered":"KEB ECO-SHELL JACKET W &#8211; Hardshelljacke"},"content":{"rendered":"<p>Sportart : Wandern &#038; Trekking<br \/>Wetter : Regen<br \/>Kragen : Kapuze<br \/>Kragen : Hochabschlie\u00dfend, Kinnschutz<br \/>Extras : Getapte N\u00e4hte, Kordelzug im Saum, Rei\u00dfverschl\u00fcsse wasserdicht<br \/>Bel\u00fcftung : Unterarmrei\u00dfverschl\u00fcsse<br \/>Verschluss : Rei\u00dfverschluss<br \/>Taschen : Tasche am \u00c4rmel, Napoleontasche<br \/>Verschluss : Frontrei\u00dfverschluss durchgehend, unterlegt, Zwei-Wege-Zipper<br \/>Kapuze : Verstellbar, helmtauglich<br \/>\u00c4rmelb\u00fcndchen : Verstellbar durch Klettverschluss<br \/>Details Kapuze : Kapuze mit Tunnelzug<br \/>Muster : Unifarben<br \/>Details : Unterlegter Rei\u00dfverschluss, Zwei-Wege-Rei\u00dfverschluss<br \/>Schichten : 3. Schicht (Wetterschutz) &#8211; Hardshell<br \/>Funktion : Atmungsaktiv, wasserdicht, winddicht<br \/>Anzahl Schichten : Drei Lagen<br \/>Artikelnummer : F2541F00M-Q11<\/p>\n","protected":false},"excerpt":{"rendered":"<p>Sportart : Wandern &#038; Trekking<br \/>Wetter : Regen<br \/>Kragen : Kapuze<br \/>Kragen : Hochabschlie\u00dfend, Kinnschutz<br \/>Extras : Getapte N\u00e4hte, Kordelzug im Saum, Rei\u00dfverschl\u00fcsse wasserdich<\/p>\n","protected":false},"featured_media":0,"comment_status":"open","ping_status":"closed","template":"","meta":[],"product_brand":[175],"product_cat":[2687,2180,2982],"product_tag":[],"class_list":{"0":"post-3983129","1":"product","2":"type-product","3":"status-publish","5":"product_brand-fjaellraeven","6":"product_cat-bekleidung-3","7":"product_cat-damen","8":"product_cat-sportbekleidung-3","10":"first","11":"instock","12":"shipping-taxable","13":"purchasable","14":"product-type-variable"},"jetpack_sharing_enabled":true,"_links":{"self":[{"href":"https:\/\/mallwp.wufadu.top\/index.php\/wp-json\/wp\/v2\/product\/3983129","targetHints":{"allow":["GET"]}}],"collection":[{"href":"https:\/\/mallwp.wufadu.top\/index.php\/wp-json\/wp\/v2\/product"}],"about":[{"href":"https:\/\/mallwp.wufadu.top\/index.php\/wp-json\/wp\/v2\/types\/product"}],"replies":[{"embeddable":true,"href":"https:\/\/mallwp.wufadu.top\/index.php\/wp-json\/wp\/v2\/comments?post=3983129"}],"wp:attachment":[{"href":"https:\/\/mallwp.wufadu.top\/index.php\/wp-json\/wp\/v2\/media?parent=3983129"}],"wp:term":[{"taxonomy":"product_brand","embeddable":true,"href":"https:\/\/mallwp.wufadu.top\/index.php\/wp-json\/wp\/v2\/product_brand?post=3983129"},{"taxonomy":"product_cat","embeddable":true,"href":"https:\/\/mallwp.wufadu.top\/index.php\/wp-json\/wp\/v2\/product_cat?post=3983129"},{"taxonomy":"product_tag","embeddable":true,"href":"https:\/\/mallwp.wufadu.top\/index.php\/wp-json\/wp\/v2\/product_tag?post=3983129"}],"curies":[{"name":"wp","href":"https:\/\/api.w.org\/{rel}","templated":true}]}}