{"id":3995138,"date":"2025-08-24T23:18:29","date_gmt":"2025-08-24T23:18:29","guid":{"rendered":""},"modified":"2025-08-24T23:18:29","modified_gmt":"2025-08-24T23:18:29","slug":"windhain-softshelljacke-2","status":"publish","type":"product","link":"https:\/\/mallwp.wufadu.top\/index.php\/product\/windhain-softshelljacke-2\/","title":{"rendered":"WINDHAIN &#8211; Softshelljacke"},"content":{"rendered":"<p>Sportart : Wandern &#038; Trekking, Urban Outdoor<br \/>Wetter : Schnee<br \/>Kragen : Kapuze<br \/>Kragen : Kinnschutz, hochabschlie\u00dfend<br \/>Bel\u00fcftung : Unterarmrei\u00dfverschl\u00fcsse<br \/>Verschluss : Rei\u00dfverschluss<br \/>Taschen : Mit Rei\u00dfverschluss verschlie\u00dfbare Taschen<br \/>Verschluss : Frontrei\u00dfverschluss durchgehend<br \/>Kapuze : Helmtauglich<br \/>\u00c4rmelb\u00fcndchen : Gerippt<br \/>Details Kapuze : Gef\u00fctterte Kapuze<br \/>Muster : Unifarben<br \/>Details : Unterlegter Rei\u00dfverschluss<br \/>Funktion : Atmungsaktiv, winddicht, wasserabweisend<br \/>Anzahl Schichten : Drei Lagen<br \/>Au\u00dfensohle : Abriebfest<br \/>Innensohle : Gepolstert<br \/>Gewicht : 535 g<br \/>Artikelnummer : JA441F0E1-K11<\/p>\n","protected":false},"excerpt":{"rendered":"<p>Sportart : Wandern &#038; Trekking, Urban Outdoor<br \/>Wetter : Schnee<br \/>Kragen : Kapuze<br \/>Kragen : Kinnschutz, hochabschlie\u00dfend<br \/>Bel\u00fcftung : Unterarmrei\u00dfverschl\u00fcsse<br \/>Verschluss : R<\/p>\n","protected":false},"featured_media":0,"comment_status":"open","ping_status":"closed","template":"","meta":[],"product_brand":[92],"product_cat":[2687,2180,2982],"product_tag":[],"class_list":{"0":"post-3995138","1":"product","2":"type-product","3":"status-publish","5":"product_brand-jack-wolfskin","6":"product_cat-bekleidung-3","7":"product_cat-damen","8":"product_cat-sportbekleidung-3","10":"first","11":"instock","12":"shipping-taxable","13":"purchasable","14":"product-type-variable"},"jetpack_sharing_enabled":true,"_links":{"self":[{"href":"https:\/\/mallwp.wufadu.top\/index.php\/wp-json\/wp\/v2\/product\/3995138","targetHints":{"allow":["GET"]}}],"collection":[{"href":"https:\/\/mallwp.wufadu.top\/index.php\/wp-json\/wp\/v2\/product"}],"about":[{"href":"https:\/\/mallwp.wufadu.top\/index.php\/wp-json\/wp\/v2\/types\/product"}],"replies":[{"embeddable":true,"href":"https:\/\/mallwp.wufadu.top\/index.php\/wp-json\/wp\/v2\/comments?post=3995138"}],"wp:attachment":[{"href":"https:\/\/mallwp.wufadu.top\/index.php\/wp-json\/wp\/v2\/media?parent=3995138"}],"wp:term":[{"taxonomy":"product_brand","embeddable":true,"href":"https:\/\/mallwp.wufadu.top\/index.php\/wp-json\/wp\/v2\/product_brand?post=3995138"},{"taxonomy":"product_cat","embeddable":true,"href":"https:\/\/mallwp.wufadu.top\/index.php\/wp-json\/wp\/v2\/product_cat?post=3995138"},{"taxonomy":"product_tag","embeddable":true,"href":"https:\/\/mallwp.wufadu.top\/index.php\/wp-json\/wp\/v2\/product_tag?post=3995138"}],"curies":[{"name":"wp","href":"https:\/\/api.w.org\/{rel}","templated":true}]}}