{"id":4437771,"date":"2025-08-24T23:38:05","date_gmt":"2025-08-24T23:38:05","guid":{"rendered":""},"modified":"2025-08-24T23:38:05","modified_gmt":"2025-08-24T23:38:05","slug":"nekoo-winterjacke","status":"publish","type":"product","link":"https:\/\/mallwp.wufadu.top\/index.php\/product\/nekoo-winterjacke\/","title":{"rendered":"NEKOO &#8211; Winterjacke"},"content":{"rendered":"<p>Wetter : Schnee<br \/>Kragen : Kapuze<br \/>Kragen : Gef\u00fcttert, hochabschlie\u00dfend<br \/>Verschluss : Rei\u00dfverschluss<br \/>Taschen : Mit Rei\u00dfverschluss verschlie\u00dfbare Taschen, Tasche am \u00c4rmel, innenliegende Tasche<br \/>Verschluss : Frontrei\u00dfverschluss durchgehend<br \/>Kapuze : Abnehmbare Kapuze, verstellbar<br \/>\u00c4rmelb\u00fcndchen : Gerippt<br \/>Details Kapuze : Abnehmbarer Kunstfellkragen, gef\u00fctterte Kapuze, Kapuze mit Tunnelzug, abnehmbare Kapuze<br \/>Muster : Unifarben<br \/>Details : Abdeckleiste, unterlegter Rei\u00dfverschluss, Rei\u00dfverschluss<br \/>Funktion : Wasserabweisend<br \/>Artikelnummer : M5M21G003-M12<\/p>\n","protected":false},"excerpt":{"rendered":"<p>Wetter : Schnee<br \/>Kragen : Kapuze<br \/>Kragen : Gef\u00fcttert, hochabschlie\u00dfend<br \/>Verschluss : Rei\u00dfverschluss<br \/>Taschen : Mit Rei\u00dfverschluss verschlie\u00dfbare Taschen, Tasche am \u00c4rmel, i<\/p>\n","protected":false},"featured_media":0,"comment_status":"open","ping_status":"closed","template":"","meta":[],"product_brand":[2328],"product_cat":[2687,2180,3104],"product_tag":[],"class_list":{"0":"post-4437771","1":"product","2":"type-product","3":"status-publish","5":"product_brand-marikoo","6":"product_cat-bekleidung-3","7":"product_cat-damen","8":"product_cat-jacken-blazer","10":"first","11":"instock","12":"shipping-taxable","13":"purchasable","14":"product-type-variable"},"jetpack_sharing_enabled":true,"_links":{"self":[{"href":"https:\/\/mallwp.wufadu.top\/index.php\/wp-json\/wp\/v2\/product\/4437771","targetHints":{"allow":["GET"]}}],"collection":[{"href":"https:\/\/mallwp.wufadu.top\/index.php\/wp-json\/wp\/v2\/product"}],"about":[{"href":"https:\/\/mallwp.wufadu.top\/index.php\/wp-json\/wp\/v2\/types\/product"}],"replies":[{"embeddable":true,"href":"https:\/\/mallwp.wufadu.top\/index.php\/wp-json\/wp\/v2\/comments?post=4437771"}],"wp:attachment":[{"href":"https:\/\/mallwp.wufadu.top\/index.php\/wp-json\/wp\/v2\/media?parent=4437771"}],"wp:term":[{"taxonomy":"product_brand","embeddable":true,"href":"https:\/\/mallwp.wufadu.top\/index.php\/wp-json\/wp\/v2\/product_brand?post=4437771"},{"taxonomy":"product_cat","embeddable":true,"href":"https:\/\/mallwp.wufadu.top\/index.php\/wp-json\/wp\/v2\/product_cat?post=4437771"},{"taxonomy":"product_tag","embeddable":true,"href":"https:\/\/mallwp.wufadu.top\/index.php\/wp-json\/wp\/v2\/product_tag?post=4437771"}],"curies":[{"name":"wp","href":"https:\/\/api.w.org\/{rel}","templated":true}]}}