{"id":4451748,"date":"2025-08-24T23:38:44","date_gmt":"2025-08-24T23:38:44","guid":{"rendered":""},"modified":"2025-08-24T23:38:44","modified_gmt":"2025-08-24T23:38:44","slug":"bonatti-windbreaker-2","status":"publish","type":"product","link":"https:\/\/mallwp.wufadu.top\/index.php\/product\/bonatti-windbreaker-2\/","title":{"rendered":"BONATTI  &#8211; Windbreaker"},"content":{"rendered":"<p>Sportart : Laufen<br \/>Wetter : Regen<br \/>Kragen : Kapuze<br \/>Kragen : Kinnschutz<br \/>Extras : Getapte N\u00e4hte, Rei\u00dfverschl\u00fcsse wasserdicht<br \/>Bel\u00fcftung : Bel\u00fcftungsschlitze hinten<br \/>Verschluss : Rei\u00dfverschluss<br \/>Taschen : Mit Rei\u00dfverschluss verschlie\u00dfbare Taschen<br \/>Verschluss : Unterlegt, Frontrei\u00dfverschluss durchgehend<br \/>Kapuze : Helmtauglich<br \/>\u00c4rmelb\u00fcndchen : Elastisch<br \/>Muster : Unifarben<br \/>Details : Unterlegter Rei\u00dfverschluss, elastischer Bund<br \/>Funktion : Wasserdicht, winddicht, atmungsaktiv, reflektierend<br \/>Wassers\u00e4ule : 20 000 mm<br \/>Atmungsaktivit\u00e4t : 20000 g_m2_24h<br \/>Artikelnummer : SA541F03N-K11<\/p>\n","protected":false},"excerpt":{"rendered":"<p>Sportart : Laufen<br \/>Wetter : Regen<br \/>Kragen : Kapuze<br \/>Kragen : Kinnschutz<br \/>Extras : Getapte N\u00e4hte, Rei\u00dfverschl\u00fcsse wasserdicht<br \/>Bel\u00fcftung : Bel\u00fcftungsschlitze hinten<br \/>Ver<\/p>\n","protected":false},"featured_media":0,"comment_status":"open","ping_status":"closed","template":"","meta":[],"product_brand":[459],"product_cat":[2687,2180,3104],"product_tag":[],"class_list":{"0":"post-4451748","1":"product","2":"type-product","3":"status-publish","5":"product_brand-salomon","6":"product_cat-bekleidung-3","7":"product_cat-damen","8":"product_cat-jacken-blazer","10":"first","11":"instock","12":"shipping-taxable","13":"purchasable","14":"product-type-variable"},"jetpack_sharing_enabled":true,"_links":{"self":[{"href":"https:\/\/mallwp.wufadu.top\/index.php\/wp-json\/wp\/v2\/product\/4451748","targetHints":{"allow":["GET"]}}],"collection":[{"href":"https:\/\/mallwp.wufadu.top\/index.php\/wp-json\/wp\/v2\/product"}],"about":[{"href":"https:\/\/mallwp.wufadu.top\/index.php\/wp-json\/wp\/v2\/types\/product"}],"replies":[{"embeddable":true,"href":"https:\/\/mallwp.wufadu.top\/index.php\/wp-json\/wp\/v2\/comments?post=4451748"}],"wp:attachment":[{"href":"https:\/\/mallwp.wufadu.top\/index.php\/wp-json\/wp\/v2\/media?parent=4451748"}],"wp:term":[{"taxonomy":"product_brand","embeddable":true,"href":"https:\/\/mallwp.wufadu.top\/index.php\/wp-json\/wp\/v2\/product_brand?post=4451748"},{"taxonomy":"product_cat","embeddable":true,"href":"https:\/\/mallwp.wufadu.top\/index.php\/wp-json\/wp\/v2\/product_cat?post=4451748"},{"taxonomy":"product_tag","embeddable":true,"href":"https:\/\/mallwp.wufadu.top\/index.php\/wp-json\/wp\/v2\/product_tag?post=4451748"}],"curies":[{"name":"wp","href":"https:\/\/api.w.org\/{rel}","templated":true}]}}