{"id":4461937,"date":"2025-08-24T23:39:11","date_gmt":"2025-08-24T23:39:11","guid":{"rendered":""},"modified":"2025-08-24T23:39:11","modified_gmt":"2025-08-24T23:39:11","slug":"simony-outdoorjacke-4","status":"publish","type":"product","link":"https:\/\/mallwp.wufadu.top\/index.php\/product\/simony-outdoorjacke-4\/","title":{"rendered":"SIMONY  &#8211; Outdoorjacke"},"content":{"rendered":"<p>Sportart : Bergsteigen, Wandern &#038; Trekking<br \/>Wetter : Regen<br \/>Kragen : Kapuze<br \/>Kragen : Hochabschlie\u00dfend, Kinnschutz<br \/>Extras : Rei\u00dfverschl\u00fcsse wasserdicht<br \/>Bel\u00fcftung : Unterarmrei\u00dfverschl\u00fcsse<br \/>Verschluss : Rei\u00dfverschluss<br \/>Taschen : Mit Rei\u00dfverschluss verschlie\u00dfbare Taschen<br \/>Verschluss : Unterlegt, Zwei-Wege-Zipper<br \/>Kapuze : Verstellbar<br \/>\u00c4rmelb\u00fcndchen : Verstellbar durch Klettverschluss<br \/>Details Kapuze : Kapuze mit Tunnelzug<br \/>Details : Rei\u00dfverschluss, unterlegter Rei\u00dfverschluss, Zwei-Wege-Rei\u00dfverschluss<br \/>Funktion : Wasserdicht, winddicht, atmungsaktiv<br \/>Anzahl Schichten : 2,5-Lagen<br \/>Wassers\u00e4ule : 20 000 mm<br \/>Artikelnummer : VA441F09F-G11<\/p>\n","protected":false},"excerpt":{"rendered":"<p>Sportart : Bergsteigen, Wandern &#038; Trekking<br \/>Wetter : Regen<br \/>Kragen : Kapuze<br \/>Kragen : Hochabschlie\u00dfend, Kinnschutz<br \/>Extras : Rei\u00dfverschl\u00fcsse wasserdicht<br \/>Bel\u00fcftung : Unte<\/p>\n","protected":false},"featured_media":0,"comment_status":"open","ping_status":"closed","template":"","meta":[],"product_brand":[330],"product_cat":[2687,2180,3104],"product_tag":[],"class_list":{"0":"post-4461937","1":"product","2":"type-product","3":"status-publish","5":"product_brand-vaude","6":"product_cat-bekleidung-3","7":"product_cat-damen","8":"product_cat-jacken-blazer","10":"first","11":"instock","12":"shipping-taxable","13":"purchasable","14":"product-type-variable"},"jetpack_sharing_enabled":true,"_links":{"self":[{"href":"https:\/\/mallwp.wufadu.top\/index.php\/wp-json\/wp\/v2\/product\/4461937","targetHints":{"allow":["GET"]}}],"collection":[{"href":"https:\/\/mallwp.wufadu.top\/index.php\/wp-json\/wp\/v2\/product"}],"about":[{"href":"https:\/\/mallwp.wufadu.top\/index.php\/wp-json\/wp\/v2\/types\/product"}],"replies":[{"embeddable":true,"href":"https:\/\/mallwp.wufadu.top\/index.php\/wp-json\/wp\/v2\/comments?post=4461937"}],"wp:attachment":[{"href":"https:\/\/mallwp.wufadu.top\/index.php\/wp-json\/wp\/v2\/media?parent=4461937"}],"wp:term":[{"taxonomy":"product_brand","embeddable":true,"href":"https:\/\/mallwp.wufadu.top\/index.php\/wp-json\/wp\/v2\/product_brand?post=4461937"},{"taxonomy":"product_cat","embeddable":true,"href":"https:\/\/mallwp.wufadu.top\/index.php\/wp-json\/wp\/v2\/product_cat?post=4461937"},{"taxonomy":"product_tag","embeddable":true,"href":"https:\/\/mallwp.wufadu.top\/index.php\/wp-json\/wp\/v2\/product_tag?post=4461937"}],"curies":[{"name":"wp","href":"https:\/\/api.w.org\/{rel}","templated":true}]}}