{"id":4495504,"date":"2025-08-24T23:40:39","date_gmt":"2025-08-24T23:40:39","guid":{"rendered":""},"modified":"2025-08-24T23:40:39","modified_gmt":"2025-08-24T23:40:39","slug":"kals-softshelljacke-2","status":"publish","type":"product","link":"https:\/\/mallwp.wufadu.top\/index.php\/product\/kals-softshelljacke-2\/","title":{"rendered":"KALS &#8211; Softshelljacke"},"content":{"rendered":"<p>Sportart : Training &#038; Fitness<br \/>Kragen : Kapuze<br \/>Kragen : Kinnschutz, hochabschlie\u00dfend<br \/>Bel\u00fcftung : Unterarmrei\u00dfverschl\u00fcsse<br \/>Verschluss : Rei\u00dfverschluss<br \/>Taschen : Mit Rei\u00dfverschluss verschlie\u00dfbare Taschen, Tasche am \u00c4rmel<br \/>Kapuze : Abnehmbare Kapuze, helmtauglich<br \/>\u00c4rmelb\u00fcndchen :  Elastisch<br \/>Details Kapuze : Abnehmbare Kapuze<br \/>Details : Unterlegter Rei\u00dfverschluss, Zwei-Wege-Rei\u00dfverschluss<br \/>Funktion : Winddicht, atmungsaktiv, wasserabweisend, wasserdicht<br \/>Anzahl Schichten : Drei Lagen<br \/>Wassers\u00e4ule : 10 000 mm<br \/>Atmungsaktivit\u00e4t : 10000 g_m2_24h<br \/>Artikelnummer : SC741F07F-K11<\/p>\n","protected":false},"excerpt":{"rendered":"<p>Sportart : Training &#038; Fitness<br \/>Kragen : Kapuze<br \/>Kragen : Kinnschutz, hochabschlie\u00dfend<br \/>Bel\u00fcftung : Unterarmrei\u00dfverschl\u00fcsse<br \/>Verschluss : Rei\u00dfverschluss<br \/>Taschen : Mit Rei<\/p>\n","protected":false},"featured_media":0,"comment_status":"open","ping_status":"closed","template":"","meta":[],"product_brand":[1845],"product_cat":[2687,2180,3104],"product_tag":[],"class_list":{"0":"post-4495504","1":"product","2":"type-product","3":"status-publish","5":"product_brand-schoeffel","6":"product_cat-bekleidung-3","7":"product_cat-damen","8":"product_cat-jacken-blazer","10":"first","11":"instock","12":"shipping-taxable","13":"purchasable","14":"product-type-variable"},"jetpack_sharing_enabled":true,"_links":{"self":[{"href":"https:\/\/mallwp.wufadu.top\/index.php\/wp-json\/wp\/v2\/product\/4495504","targetHints":{"allow":["GET"]}}],"collection":[{"href":"https:\/\/mallwp.wufadu.top\/index.php\/wp-json\/wp\/v2\/product"}],"about":[{"href":"https:\/\/mallwp.wufadu.top\/index.php\/wp-json\/wp\/v2\/types\/product"}],"replies":[{"embeddable":true,"href":"https:\/\/mallwp.wufadu.top\/index.php\/wp-json\/wp\/v2\/comments?post=4495504"}],"wp:attachment":[{"href":"https:\/\/mallwp.wufadu.top\/index.php\/wp-json\/wp\/v2\/media?parent=4495504"}],"wp:term":[{"taxonomy":"product_brand","embeddable":true,"href":"https:\/\/mallwp.wufadu.top\/index.php\/wp-json\/wp\/v2\/product_brand?post=4495504"},{"taxonomy":"product_cat","embeddable":true,"href":"https:\/\/mallwp.wufadu.top\/index.php\/wp-json\/wp\/v2\/product_cat?post=4495504"},{"taxonomy":"product_tag","embeddable":true,"href":"https:\/\/mallwp.wufadu.top\/index.php\/wp-json\/wp\/v2\/product_tag?post=4495504"}],"curies":[{"name":"wp","href":"https:\/\/api.w.org\/{rel}","templated":true}]}}