{"id":4525809,"date":"2025-08-24T23:41:58","date_gmt":"2025-08-24T23:41:58","guid":{"rendered":""},"modified":"2025-08-24T23:41:58","modified_gmt":"2025-08-24T23:41:58","slug":"lederjacke-348","status":"publish","type":"product","link":"https:\/\/mallwp.wufadu.top\/index.php\/product\/lederjacke-348\/","title":{"rendered":"Lederjacke"},"content":{"rendered":"<p>Kragen : Reverskragen<br \/>Verschluss : Rei\u00dfverschluss<br \/>Taschen : Mit Rei\u00dfverschluss verschlie\u00dfbare Taschen, Pattentaschen, Tasche am \u00c4rmel<br \/>Muster : Unifarben<br \/>Details : Abdeckleiste, Nietendekor, G\u00fcrtel inklusive, Rei\u00dfverschluss<br \/>Artikelnummer : D5H21U022-G11<\/p>\n","protected":false},"excerpt":{"rendered":"<p>Kragen : Reverskragen<br \/>Verschluss : Rei\u00dfverschluss<br \/>Taschen : Mit Rei\u00dfverschluss verschlie\u00dfbare Taschen, Pattentaschen, Tasche am \u00c4rmel<br \/>Muster : Unifarben<br \/>Details : Abdec<\/p>\n","protected":false},"featured_media":0,"comment_status":"open","ping_status":"closed","template":"","meta":[],"product_brand":[1571],"product_cat":[2687,2180,3104],"product_tag":[],"class_list":{"0":"post-4525809","1":"product","2":"type-product","3":"status-publish","5":"product_brand-derimod","6":"product_cat-bekleidung-3","7":"product_cat-damen","8":"product_cat-jacken-blazer","10":"first","11":"instock","12":"shipping-taxable","13":"purchasable","14":"product-type-variable"},"jetpack_sharing_enabled":true,"_links":{"self":[{"href":"https:\/\/mallwp.wufadu.top\/index.php\/wp-json\/wp\/v2\/product\/4525809","targetHints":{"allow":["GET"]}}],"collection":[{"href":"https:\/\/mallwp.wufadu.top\/index.php\/wp-json\/wp\/v2\/product"}],"about":[{"href":"https:\/\/mallwp.wufadu.top\/index.php\/wp-json\/wp\/v2\/types\/product"}],"replies":[{"embeddable":true,"href":"https:\/\/mallwp.wufadu.top\/index.php\/wp-json\/wp\/v2\/comments?post=4525809"}],"wp:attachment":[{"href":"https:\/\/mallwp.wufadu.top\/index.php\/wp-json\/wp\/v2\/media?parent=4525809"}],"wp:term":[{"taxonomy":"product_brand","embeddable":true,"href":"https:\/\/mallwp.wufadu.top\/index.php\/wp-json\/wp\/v2\/product_brand?post=4525809"},{"taxonomy":"product_cat","embeddable":true,"href":"https:\/\/mallwp.wufadu.top\/index.php\/wp-json\/wp\/v2\/product_cat?post=4525809"},{"taxonomy":"product_tag","embeddable":true,"href":"https:\/\/mallwp.wufadu.top\/index.php\/wp-json\/wp\/v2\/product_tag?post=4525809"}],"curies":[{"name":"wp","href":"https:\/\/api.w.org\/{rel}","templated":true}]}}