{"id":4536437,"date":"2025-08-24T23:42:27","date_gmt":"2025-08-24T23:42:27","guid":{"rendered":""},"modified":"2025-08-24T23:42:27","modified_gmt":"2025-08-24T23:42:27","slug":"terraview-hardshelljacke-2","status":"publish","type":"product","link":"https:\/\/mallwp.wufadu.top\/index.php\/product\/terraview-hardshelljacke-2\/","title":{"rendered":"TERRAVIEW &#8211; Hardshelljacke"},"content":{"rendered":"<p>Sportart : Wandern &#038; Trekking<br \/>Wetter : Regen<br \/>Kragen : Kapuze<br \/>Kragen : Hochabschlie\u00dfend, Kinnschutz<br \/>Extras : Rei\u00dfverschl\u00fcsse wasserdicht<br \/>Bel\u00fcftung : Unterarmrei\u00dfverschl\u00fcsse<br \/>Verschluss : Rei\u00dfverschluss<br \/>Taschen : Mit Rei\u00dfverschluss verschlie\u00dfbare Taschen<br \/>Verschluss : Frontrei\u00dfverschluss durchgehend, Zwei-Wege-Zipper, unterlegt<br \/>Kapuze : Verstellbar<br \/>\u00c4rmelb\u00fcndchen : Elastisch<br \/>Details Kapuze : Kapuze mit Tunnelzug<br \/>Muster : Unifarben<br \/>Details : Unterlegter Rei\u00dfverschluss, Zwei-Wege-Rei\u00dfverschluss<br \/>Schichten : 3. Schicht (Wetterschutz) &#8211; Hardshell<br \/>Funktion : Atmungsaktiv, wasserdicht, winddicht<br \/>Anzahl Schichten : Zwei Lagen<br \/>Artikelnummer : JA441F0KB-K11<\/p>\n","protected":false},"excerpt":{"rendered":"<p>Sportart : Wandern &#038; Trekking<br \/>Wetter : Regen<br \/>Kragen : Kapuze<br \/>Kragen : Hochabschlie\u00dfend, Kinnschutz<br \/>Extras : Rei\u00dfverschl\u00fcsse wasserdicht<br \/>Bel\u00fcftung : Unterarmrei\u00dfversc<\/p>\n","protected":false},"featured_media":0,"comment_status":"open","ping_status":"closed","template":"","meta":[],"product_brand":[92],"product_cat":[2687,2180,3104],"product_tag":[],"class_list":{"0":"post-4536437","1":"product","2":"type-product","3":"status-publish","5":"product_brand-jack-wolfskin","6":"product_cat-bekleidung-3","7":"product_cat-damen","8":"product_cat-jacken-blazer","10":"first","11":"instock","12":"shipping-taxable","13":"purchasable","14":"product-type-variable"},"jetpack_sharing_enabled":true,"_links":{"self":[{"href":"https:\/\/mallwp.wufadu.top\/index.php\/wp-json\/wp\/v2\/product\/4536437","targetHints":{"allow":["GET"]}}],"collection":[{"href":"https:\/\/mallwp.wufadu.top\/index.php\/wp-json\/wp\/v2\/product"}],"about":[{"href":"https:\/\/mallwp.wufadu.top\/index.php\/wp-json\/wp\/v2\/types\/product"}],"replies":[{"embeddable":true,"href":"https:\/\/mallwp.wufadu.top\/index.php\/wp-json\/wp\/v2\/comments?post=4536437"}],"wp:attachment":[{"href":"https:\/\/mallwp.wufadu.top\/index.php\/wp-json\/wp\/v2\/media?parent=4536437"}],"wp:term":[{"taxonomy":"product_brand","embeddable":true,"href":"https:\/\/mallwp.wufadu.top\/index.php\/wp-json\/wp\/v2\/product_brand?post=4536437"},{"taxonomy":"product_cat","embeddable":true,"href":"https:\/\/mallwp.wufadu.top\/index.php\/wp-json\/wp\/v2\/product_cat?post=4536437"},{"taxonomy":"product_tag","embeddable":true,"href":"https:\/\/mallwp.wufadu.top\/index.php\/wp-json\/wp\/v2\/product_tag?post=4536437"}],"curies":[{"name":"wp","href":"https:\/\/api.w.org\/{rel}","templated":true}]}}