{"id":4561651,"date":"2025-08-24T23:43:33","date_gmt":"2025-08-24T23:43:33","guid":{"rendered":""},"modified":"2025-08-24T23:43:33","modified_gmt":"2025-08-24T23:43:33","slug":"boulder-falls-jacket-hardshelljacke-dark-stone-2","status":"publish","type":"product","link":"https:\/\/mallwp.wufadu.top\/index.php\/product\/boulder-falls-jacket-hardshelljacke-dark-stone-2\/","title":{"rendered":"BOULDER FALLS\u2122 JACKET &#8211; Hardshelljacke &#8211; dark stone"},"content":{"rendered":"<p>Sportart : Wandern &#038; Trekking<br \/>Wetter : Regen<br \/>Kragen : Kapuze<br \/>Kragen : Hochabschlie\u00dfend, Kinnschutz<br \/>Extras : Rei\u00dfverschl\u00fcsse wasserdicht, Kordelzug im Saum, getapte N\u00e4hte<br \/>Bel\u00fcftung : Unterarmrei\u00dfverschl\u00fcsse<br \/>Verschluss : Rei\u00dfverschluss<br \/>Taschen : Mit Rei\u00dfverschluss verschlie\u00dfbare Taschen<br \/>Verschluss : Frontrei\u00dfverschluss durchgehend, unterlegt<br \/>Kapuze : Verstellbar<br \/>\u00c4rmelb\u00fcndchen : Verstellbar durch Klettverschluss<br \/>Details Kapuze : Kapuze mit Tunnelzug<br \/>Muster : Unifarben<br \/>Details : Unterlegter Rei\u00dfverschluss, Rei\u00dfverschluss<br \/>Schichten : 3. Schicht (Wetterschutz) &#8211; Softshell<br \/>Funktion : Atmungsaktiv, wasserdicht, winddicht<br \/>Artikelnummer : C2341F08F-C11<\/p>\n","protected":false},"excerpt":{"rendered":"<p>Sportart : Wandern &#038; Trekking<br \/>Wetter : Regen<br \/>Kragen : Kapuze<br \/>Kragen : Hochabschlie\u00dfend, Kinnschutz<br \/>Extras : Rei\u00dfverschl\u00fcsse wasserdicht, Kordelzug im Saum, getapte N\u00e4ht<\/p>\n","protected":false},"featured_media":0,"comment_status":"open","ping_status":"closed","template":"","meta":[],"product_brand":[84],"product_cat":[2687,2180,3104],"product_tag":[],"class_list":{"0":"post-4561651","1":"product","2":"type-product","3":"status-publish","5":"product_brand-columbia","6":"product_cat-bekleidung-3","7":"product_cat-damen","8":"product_cat-jacken-blazer","10":"first","11":"instock","12":"shipping-taxable","13":"purchasable","14":"product-type-variable"},"jetpack_sharing_enabled":true,"_links":{"self":[{"href":"https:\/\/mallwp.wufadu.top\/index.php\/wp-json\/wp\/v2\/product\/4561651","targetHints":{"allow":["GET"]}}],"collection":[{"href":"https:\/\/mallwp.wufadu.top\/index.php\/wp-json\/wp\/v2\/product"}],"about":[{"href":"https:\/\/mallwp.wufadu.top\/index.php\/wp-json\/wp\/v2\/types\/product"}],"replies":[{"embeddable":true,"href":"https:\/\/mallwp.wufadu.top\/index.php\/wp-json\/wp\/v2\/comments?post=4561651"}],"wp:attachment":[{"href":"https:\/\/mallwp.wufadu.top\/index.php\/wp-json\/wp\/v2\/media?parent=4561651"}],"wp:term":[{"taxonomy":"product_brand","embeddable":true,"href":"https:\/\/mallwp.wufadu.top\/index.php\/wp-json\/wp\/v2\/product_brand?post=4561651"},{"taxonomy":"product_cat","embeddable":true,"href":"https:\/\/mallwp.wufadu.top\/index.php\/wp-json\/wp\/v2\/product_cat?post=4561651"},{"taxonomy":"product_tag","embeddable":true,"href":"https:\/\/mallwp.wufadu.top\/index.php\/wp-json\/wp\/v2\/product_tag?post=4561651"}],"curies":[{"name":"wp","href":"https:\/\/api.w.org\/{rel}","templated":true}]}}