{"id":4671575,"date":"2025-08-24T23:48:17","date_gmt":"2025-08-24T23:48:17","guid":{"rendered":""},"modified":"2025-08-24T23:48:17","modified_gmt":"2025-08-24T23:48:17","slug":"cedars-elaina-bluse-kit","status":"publish","type":"product","link":"https:\/\/mallwp.wufadu.top\/index.php\/product\/cedars-elaina-bluse-kit\/","title":{"rendered":"CEDARS ELAINA  &#8211; Bluse &#8211; kit"},"content":{"rendered":"<p>Kragen : Umlegekragen<br \/>Verschluss : Knopf<br \/>Muster : Unifarben<br \/>Details : Ziersteine, H\u00e4keleins\u00e4tze, Bord\u00fcre<br \/>Artikelnummer : BR321E0D9-A11<\/p>\n","protected":false},"excerpt":{"rendered":"<p>Kragen : Umlegekragen<br \/>Verschluss : Knopf<br \/>Muster : Unifarben<br \/>Details : Ziersteine, H\u00e4keleins\u00e4tze, Bord\u00fcre<br \/>Artikelnummer : BR321E0D9-A11<\/p>\n","protected":false},"featured_media":0,"comment_status":"open","ping_status":"closed","template":"","meta":[],"product_brand":[1940],"product_cat":[2687,2180,3119],"product_tag":[],"class_list":{"0":"post-4671575","1":"product","2":"type-product","3":"status-publish","5":"product_brand-bruuns-bazaar","6":"product_cat-bekleidung-3","7":"product_cat-damen","8":"product_cat-hemden-blusen","10":"first","11":"instock","12":"shipping-taxable","13":"purchasable","14":"product-type-variable"},"jetpack_sharing_enabled":true,"_links":{"self":[{"href":"https:\/\/mallwp.wufadu.top\/index.php\/wp-json\/wp\/v2\/product\/4671575","targetHints":{"allow":["GET"]}}],"collection":[{"href":"https:\/\/mallwp.wufadu.top\/index.php\/wp-json\/wp\/v2\/product"}],"about":[{"href":"https:\/\/mallwp.wufadu.top\/index.php\/wp-json\/wp\/v2\/types\/product"}],"replies":[{"embeddable":true,"href":"https:\/\/mallwp.wufadu.top\/index.php\/wp-json\/wp\/v2\/comments?post=4671575"}],"wp:attachment":[{"href":"https:\/\/mallwp.wufadu.top\/index.php\/wp-json\/wp\/v2\/media?parent=4671575"}],"wp:term":[{"taxonomy":"product_brand","embeddable":true,"href":"https:\/\/mallwp.wufadu.top\/index.php\/wp-json\/wp\/v2\/product_brand?post=4671575"},{"taxonomy":"product_cat","embeddable":true,"href":"https:\/\/mallwp.wufadu.top\/index.php\/wp-json\/wp\/v2\/product_cat?post=4671575"},{"taxonomy":"product_tag","embeddable":true,"href":"https:\/\/mallwp.wufadu.top\/index.php\/wp-json\/wp\/v2\/product_tag?post=4671575"}],"curies":[{"name":"wp","href":"https:\/\/api.w.org\/{rel}","templated":true}]}}