{"id":5001387,"date":"2025-08-25T00:00:44","date_gmt":"2025-08-25T00:00:44","guid":{"rendered":""},"modified":"2025-08-25T00:00:44","modified_gmt":"2025-08-25T00:00:44","slug":"int-gr-e-chino-koralle","status":"publish","type":"product","link":"https:\/\/mallwp.wufadu.top\/index.php\/product\/int-gr-e-chino-koralle\/","title":{"rendered":"\u00c0  INT\u00c9GR\u00c9E &#8211; Chino &#8211; koralle"},"content":{"rendered":"<p>Leibh\u00f6he : Normal<br \/>Verschluss : Verdeckter Zip-Fly<br \/>Taschen : Seitentaschen, Ges\u00e4\u00dftaschen<br \/>Muster : Unifarben<br \/>Details : G\u00fcrtel inklusive<br \/>Artikelnummer : CO121A0PL-G11<\/p>\n","protected":false},"excerpt":{"rendered":"<p>Leibh\u00f6he : Normal<br \/>Verschluss : Verdeckter Zip-Fly<br \/>Taschen : Seitentaschen, Ges\u00e4\u00dftaschen<br \/>Muster : Unifarben<br \/>Details : G\u00fcrtel inklusive<br \/>Artikelnummer : CO121A0PL-G11<\/p>\n","protected":false},"featured_media":0,"comment_status":"open","ping_status":"closed","template":"","meta":[],"product_brand":[2225],"product_cat":[2687,2180,3153],"product_tag":[],"class_list":{"0":"post-5001387","1":"product","2":"type-product","3":"status-publish","5":"product_brand-comma","6":"product_cat-bekleidung-3","7":"product_cat-damen","8":"product_cat-hosen-3","10":"first","11":"instock","12":"shipping-taxable","13":"purchasable","14":"product-type-variable"},"jetpack_sharing_enabled":true,"_links":{"self":[{"href":"https:\/\/mallwp.wufadu.top\/index.php\/wp-json\/wp\/v2\/product\/5001387","targetHints":{"allow":["GET"]}}],"collection":[{"href":"https:\/\/mallwp.wufadu.top\/index.php\/wp-json\/wp\/v2\/product"}],"about":[{"href":"https:\/\/mallwp.wufadu.top\/index.php\/wp-json\/wp\/v2\/types\/product"}],"replies":[{"embeddable":true,"href":"https:\/\/mallwp.wufadu.top\/index.php\/wp-json\/wp\/v2\/comments?post=5001387"}],"wp:attachment":[{"href":"https:\/\/mallwp.wufadu.top\/index.php\/wp-json\/wp\/v2\/media?parent=5001387"}],"wp:term":[{"taxonomy":"product_brand","embeddable":true,"href":"https:\/\/mallwp.wufadu.top\/index.php\/wp-json\/wp\/v2\/product_brand?post=5001387"},{"taxonomy":"product_cat","embeddable":true,"href":"https:\/\/mallwp.wufadu.top\/index.php\/wp-json\/wp\/v2\/product_cat?post=5001387"},{"taxonomy":"product_tag","embeddable":true,"href":"https:\/\/mallwp.wufadu.top\/index.php\/wp-json\/wp\/v2\/product_tag?post=5001387"}],"curies":[{"name":"wp","href":"https:\/\/api.w.org\/{rel}","templated":true}]}}