{"id":5141739,"date":"2025-08-25T00:06:38","date_gmt":"2025-08-25T00:06:38","guid":{"rendered":""},"modified":"2025-08-25T00:06:38","modified_gmt":"2025-08-25T00:06:38","slug":"authentic-jogginghose-19","status":"publish","type":"product","link":"https:\/\/mallwp.wufadu.top\/index.php\/product\/authentic-jogginghose-19\/","title":{"rendered":"AUTHENTIC &#8211; Jogginghose"},"content":{"rendered":"<p>Sportart : Training &#038; Fitness<br \/>Bund : Elastisch<br \/>Leibh\u00f6he : Hoch<br \/>Beinrei\u00dfverschl\u00fcsse zur Bel\u00fcftung : Nicht durchg\u00e4ngig<br \/>Volumenregulierung : Im Beinabschluss<br \/>Taschen : Seitentaschen<br \/>Beinabschluss : Mit Rei\u00dfverschluss<br \/>Taschen : Einschubtaschen<br \/>Muster : Unifarben<br \/>Details : Elastischer Bund, Rei\u00dfverschluss<br \/>Funktion : Schnelltrocknend, atmungsaktiv<br \/>Artikelnummer : HU341E0F7-Q11<\/p>\n","protected":false},"excerpt":{"rendered":"<p>Sportart : Training &#038; Fitness<br \/>Bund : Elastisch<br \/>Leibh\u00f6he : Hoch<br \/>Beinrei\u00dfverschl\u00fcsse zur Bel\u00fcftung : Nicht durchg\u00e4ngig<br \/>Volumenregulierung : Im Beinabschluss<br \/>Taschen :<\/p>\n","protected":false},"featured_media":0,"comment_status":"open","ping_status":"closed","template":"","meta":[],"product_brand":[73],"product_cat":[2687,2180,3153],"product_tag":[],"class_list":{"0":"post-5141739","1":"product","2":"type-product","3":"status-publish","5":"product_brand-hummel","6":"product_cat-bekleidung-3","7":"product_cat-damen","8":"product_cat-hosen-3","10":"first","11":"instock","12":"shipping-taxable","13":"purchasable","14":"product-type-variable"},"jetpack_sharing_enabled":true,"_links":{"self":[{"href":"https:\/\/mallwp.wufadu.top\/index.php\/wp-json\/wp\/v2\/product\/5141739","targetHints":{"allow":["GET"]}}],"collection":[{"href":"https:\/\/mallwp.wufadu.top\/index.php\/wp-json\/wp\/v2\/product"}],"about":[{"href":"https:\/\/mallwp.wufadu.top\/index.php\/wp-json\/wp\/v2\/types\/product"}],"replies":[{"embeddable":true,"href":"https:\/\/mallwp.wufadu.top\/index.php\/wp-json\/wp\/v2\/comments?post=5141739"}],"wp:attachment":[{"href":"https:\/\/mallwp.wufadu.top\/index.php\/wp-json\/wp\/v2\/media?parent=5141739"}],"wp:term":[{"taxonomy":"product_brand","embeddable":true,"href":"https:\/\/mallwp.wufadu.top\/index.php\/wp-json\/wp\/v2\/product_brand?post=5141739"},{"taxonomy":"product_cat","embeddable":true,"href":"https:\/\/mallwp.wufadu.top\/index.php\/wp-json\/wp\/v2\/product_cat?post=5141739"},{"taxonomy":"product_tag","embeddable":true,"href":"https:\/\/mallwp.wufadu.top\/index.php\/wp-json\/wp\/v2\/product_tag?post=5141739"}],"curies":[{"name":"wp","href":"https:\/\/api.w.org\/{rel}","templated":true}]}}