{"id":528933,"date":"2025-08-24T20:47:13","date_gmt":"2025-08-24T20:47:13","guid":{"rendered":""},"modified":"2025-08-24T20:47:13","modified_gmt":"2025-08-24T20:47:13","slug":"softshelljacke-stormy-weather-4","status":"publish","type":"product","link":"https:\/\/mallwp.wufadu.top\/index.php\/product\/softshelljacke-stormy-weather-4\/","title":{"rendered":"Softshelljacke &#8211; stormy weather"},"content":{"rendered":"<p>Sportart : Wandern &#038; Trekking<br \/>Wetter : Schnee<br \/>Ausschnitt : Rundhals<br \/>Kragen : Kapuze<br \/>Kragen : Kinnschutz<br \/>Extras : Reflektierende Elemente<br \/>Bel\u00fcftung : Unterarmrei\u00dfverschl\u00fcsse<br \/>Verschluss : Rei\u00dfverschluss<br \/>\u00c4rmelb\u00fcndchen : Gerippt<br \/>Details Kapuze : Gef\u00fctterte Kapuze<br \/>Muster : Print<br \/>Funktion : Windabweisend, wasserabweisend, atmungsaktiv<br \/>Anzahl Schichten : Zwei Lagen<br \/>Artikelnummer : HU343F02R-C11<\/p>\n","protected":false},"excerpt":{"rendered":"<p>Sportart : Wandern &#038; Trekking<br \/>Wetter : Schnee<br \/>Ausschnitt : Rundhals<br \/>Kragen : Kapuze<br \/>Kragen : Kinnschutz<br \/>Extras : Reflektierende Elemente<br \/>Bel\u00fcftung : Unterarmrei\u00dfv<\/p>\n","protected":false},"featured_media":0,"comment_status":"open","ping_status":"closed","template":"","meta":[],"product_brand":[73],"product_cat":[582,45,752],"product_tag":[],"class_list":{"0":"post-528933","1":"product","2":"type-product","3":"status-publish","5":"product_brand-hummel","6":"product_cat-bekleidung","7":"product_cat-kinder","8":"product_cat-oberbekleidung","10":"first","11":"instock","12":"shipping-taxable","13":"purchasable","14":"product-type-variable"},"jetpack_sharing_enabled":true,"_links":{"self":[{"href":"https:\/\/mallwp.wufadu.top\/index.php\/wp-json\/wp\/v2\/product\/528933","targetHints":{"allow":["GET"]}}],"collection":[{"href":"https:\/\/mallwp.wufadu.top\/index.php\/wp-json\/wp\/v2\/product"}],"about":[{"href":"https:\/\/mallwp.wufadu.top\/index.php\/wp-json\/wp\/v2\/types\/product"}],"replies":[{"embeddable":true,"href":"https:\/\/mallwp.wufadu.top\/index.php\/wp-json\/wp\/v2\/comments?post=528933"}],"wp:attachment":[{"href":"https:\/\/mallwp.wufadu.top\/index.php\/wp-json\/wp\/v2\/media?parent=528933"}],"wp:term":[{"taxonomy":"product_brand","embeddable":true,"href":"https:\/\/mallwp.wufadu.top\/index.php\/wp-json\/wp\/v2\/product_brand?post=528933"},{"taxonomy":"product_cat","embeddable":true,"href":"https:\/\/mallwp.wufadu.top\/index.php\/wp-json\/wp\/v2\/product_cat?post=528933"},{"taxonomy":"product_tag","embeddable":true,"href":"https:\/\/mallwp.wufadu.top\/index.php\/wp-json\/wp\/v2\/product_tag?post=528933"}],"curies":[{"name":"wp","href":"https:\/\/api.w.org\/{rel}","templated":true}]}}