{"id":5315639,"date":"2025-08-25T00:14:14","date_gmt":"2025-08-25T00:14:14","guid":{"rendered":""},"modified":"2025-08-25T00:14:14","modified_gmt":"2025-08-25T00:14:14","slug":"regular-fit-freizeitkleid-132","status":"publish","type":"product","link":"https:\/\/mallwp.wufadu.top\/index.php\/product\/regular-fit-freizeitkleid-132\/","title":{"rendered":"REGULAR FIT &#8211; Freizeitkleid"},"content":{"rendered":"<p>Ausschnitt : R\u00fcckenausschnitt<br \/>Verschluss : Rei\u00dfverschluss<br \/>Muster : Unifarben<br \/>Details : Unterkleid, l\u00e4ngenverstellbare Tr\u00e4ger, G\u00fcrtel inklusive, Knopfleiste<br \/>Artikelnummer : L6S21C057-G11<\/p>\n","protected":false},"excerpt":{"rendered":"<p>Ausschnitt : R\u00fcckenausschnitt<br \/>Verschluss : Rei\u00dfverschluss<br \/>Muster : Unifarben<br \/>Details : Unterkleid, l\u00e4ngenverstellbare Tr\u00e4ger, G\u00fcrtel inklusive, Knopfleiste<br \/>Artikelnumme<\/p>\n","protected":false},"featured_media":0,"comment_status":"open","ping_status":"closed","template":"","meta":[],"product_brand":[703],"product_cat":[2687,2180,3166],"product_tag":[],"class_list":{"0":"post-5315639","1":"product","2":"type-product","3":"status-publish","5":"product_brand-lela","6":"product_cat-bekleidung-3","7":"product_cat-damen","8":"product_cat-kleider-2","10":"first","11":"instock","12":"shipping-taxable","13":"purchasable","14":"product-type-variable"},"jetpack_sharing_enabled":true,"_links":{"self":[{"href":"https:\/\/mallwp.wufadu.top\/index.php\/wp-json\/wp\/v2\/product\/5315639","targetHints":{"allow":["GET"]}}],"collection":[{"href":"https:\/\/mallwp.wufadu.top\/index.php\/wp-json\/wp\/v2\/product"}],"about":[{"href":"https:\/\/mallwp.wufadu.top\/index.php\/wp-json\/wp\/v2\/types\/product"}],"replies":[{"embeddable":true,"href":"https:\/\/mallwp.wufadu.top\/index.php\/wp-json\/wp\/v2\/comments?post=5315639"}],"wp:attachment":[{"href":"https:\/\/mallwp.wufadu.top\/index.php\/wp-json\/wp\/v2\/media?parent=5315639"}],"wp:term":[{"taxonomy":"product_brand","embeddable":true,"href":"https:\/\/mallwp.wufadu.top\/index.php\/wp-json\/wp\/v2\/product_brand?post=5315639"},{"taxonomy":"product_cat","embeddable":true,"href":"https:\/\/mallwp.wufadu.top\/index.php\/wp-json\/wp\/v2\/product_cat?post=5315639"},{"taxonomy":"product_tag","embeddable":true,"href":"https:\/\/mallwp.wufadu.top\/index.php\/wp-json\/wp\/v2\/product_tag?post=5315639"}],"curies":[{"name":"wp","href":"https:\/\/api.w.org\/{rel}","templated":true}]}}