{"id":57112,"date":"2025-08-24T20:29:03","date_gmt":"2025-08-24T20:29:03","guid":{"rendered":""},"modified":"2025-08-24T20:29:03","modified_gmt":"2025-08-24T20:29:03","slug":"multiplay-flex-trainingsschuh-anthracite","status":"publish","type":"product","link":"https:\/\/mallwp.wufadu.top\/index.php\/product\/multiplay-flex-trainingsschuh-anthracite\/","title":{"rendered":"MULTIPLAY FLEX &#8211; Trainingsschuh &#8211; anthracite"},"content":{"rendered":"<p>Sportart : Training &#038; Fitness<br \/>Schuhspitze : Rund<br \/>Verschluss : Klettverschluss<br \/>Muster : Print<br \/>Funktion : Atmungsaktiv<br \/>Extras : Verst\u00e4rkte Fu\u00dfspitze, verst\u00e4rkte Ferse<br \/>Artikelnummer : HU343A05I-Q13<\/p>\n","protected":false},"excerpt":{"rendered":"<p>Sportart : Training &#038; Fitness<br \/>Schuhspitze : Rund<br \/>Verschluss : Klettverschluss<br \/>Muster : Print<br \/>Funktion : Atmungsaktiv<br \/>Extras : Verst\u00e4rkte Fu\u00dfspitze, verst\u00e4rkte Ferse<\n<\/p>\n","protected":false},"featured_media":0,"comment_status":"open","ping_status":"closed","template":"","meta":[],"product_brand":[73],"product_cat":[45,394,470],"product_tag":[],"class_list":{"0":"post-57112","1":"product","2":"type-product","3":"status-publish","5":"product_brand-hummel","6":"product_cat-kinder","7":"product_cat-schuhe","8":"product_cat-sportschuhe","10":"first","11":"instock","12":"shipping-taxable","13":"purchasable","14":"product-type-variable"},"jetpack_sharing_enabled":true,"_links":{"self":[{"href":"https:\/\/mallwp.wufadu.top\/index.php\/wp-json\/wp\/v2\/product\/57112","targetHints":{"allow":["GET"]}}],"collection":[{"href":"https:\/\/mallwp.wufadu.top\/index.php\/wp-json\/wp\/v2\/product"}],"about":[{"href":"https:\/\/mallwp.wufadu.top\/index.php\/wp-json\/wp\/v2\/types\/product"}],"replies":[{"embeddable":true,"href":"https:\/\/mallwp.wufadu.top\/index.php\/wp-json\/wp\/v2\/comments?post=57112"}],"wp:attachment":[{"href":"https:\/\/mallwp.wufadu.top\/index.php\/wp-json\/wp\/v2\/media?parent=57112"}],"wp:term":[{"taxonomy":"product_brand","embeddable":true,"href":"https:\/\/mallwp.wufadu.top\/index.php\/wp-json\/wp\/v2\/product_brand?post=57112"},{"taxonomy":"product_cat","embeddable":true,"href":"https:\/\/mallwp.wufadu.top\/index.php\/wp-json\/wp\/v2\/product_cat?post=57112"},{"taxonomy":"product_tag","embeddable":true,"href":"https:\/\/mallwp.wufadu.top\/index.php\/wp-json\/wp\/v2\/product_tag?post=57112"}],"curies":[{"name":"wp","href":"https:\/\/api.w.org\/{rel}","templated":true}]}}