{"id":604410,"date":"2025-08-24T20:50:05","date_gmt":"2025-08-24T20:50:05","guid":{"rendered":""},"modified":"2025-08-24T20:50:05","modified_gmt":"2025-08-24T20:50:05","slug":"entrada-22-jogginghose-8","status":"publish","type":"product","link":"https:\/\/mallwp.wufadu.top\/index.php\/product\/entrada-22-jogginghose-8\/","title":{"rendered":"ENTRADA 22 &#8211; Jogginghose"},"content":{"rendered":"<p>Sportart : Fu\u00dfball<br \/>Bund : Elastisch, verstellbar (Volumenregulierung)<br \/>Leibh\u00f6he : Normal<br \/>Beinrei\u00dfverschl\u00fcsse zur Bel\u00fcftung : Nicht durchg\u00e4ngig<br \/>Extras : Schnelltrocknend<br \/>Beinabschluss : Mit Rei\u00dfverschluss<br \/>Taschen : Einschubtaschen<br \/>Muster : Unifarben<br \/>Details : Elastischer Bund<br \/>Funktion : Atmungsaktiv, schnelltrocknend<br \/>Artikelnummer : AD543E1CT-J11<\/p>\n","protected":false},"excerpt":{"rendered":"<p>Sportart : Fu\u00dfball<br \/>Bund : Elastisch, verstellbar (Volumenregulierung)<br \/>Leibh\u00f6he : Normal<br \/>Beinrei\u00dfverschl\u00fcsse zur Bel\u00fcftung : Nicht durchg\u00e4ngig<br \/>Extras : Schnelltrocknend<\n<\/p>\n","protected":false},"featured_media":0,"comment_status":"open","ping_status":"closed","template":"","meta":[],"product_brand":[99],"product_cat":[582,774,45],"product_tag":[],"class_list":{"0":"post-604410","1":"product","2":"type-product","3":"status-publish","5":"product_brand-adidas-performance","6":"product_cat-bekleidung","7":"product_cat-hosen","8":"product_cat-kinder","10":"first","11":"instock","12":"shipping-taxable","13":"purchasable","14":"product-type-variable"},"jetpack_sharing_enabled":true,"_links":{"self":[{"href":"https:\/\/mallwp.wufadu.top\/index.php\/wp-json\/wp\/v2\/product\/604410","targetHints":{"allow":["GET"]}}],"collection":[{"href":"https:\/\/mallwp.wufadu.top\/index.php\/wp-json\/wp\/v2\/product"}],"about":[{"href":"https:\/\/mallwp.wufadu.top\/index.php\/wp-json\/wp\/v2\/types\/product"}],"replies":[{"embeddable":true,"href":"https:\/\/mallwp.wufadu.top\/index.php\/wp-json\/wp\/v2\/comments?post=604410"}],"wp:attachment":[{"href":"https:\/\/mallwp.wufadu.top\/index.php\/wp-json\/wp\/v2\/media?parent=604410"}],"wp:term":[{"taxonomy":"product_brand","embeddable":true,"href":"https:\/\/mallwp.wufadu.top\/index.php\/wp-json\/wp\/v2\/product_brand?post=604410"},{"taxonomy":"product_cat","embeddable":true,"href":"https:\/\/mallwp.wufadu.top\/index.php\/wp-json\/wp\/v2\/product_cat?post=604410"},{"taxonomy":"product_tag","embeddable":true,"href":"https:\/\/mallwp.wufadu.top\/index.php\/wp-json\/wp\/v2\/product_tag?post=604410"}],"curies":[{"name":"wp","href":"https:\/\/api.w.org\/{rel}","templated":true}]}}