{"id":69118,"date":"2025-08-24T20:29:27","date_gmt":"2025-08-24T20:29:27","guid":{"rendered":""},"modified":"2025-08-24T20:29:27","modified_gmt":"2025-08-24T20:29:27","slug":"evolve-snowboot-winterstiefel","status":"publish","type":"product","link":"https:\/\/mallwp.wufadu.top\/index.php\/product\/evolve-snowboot-winterstiefel\/","title":{"rendered":"EVOLVE  &#8211; Snowboot\/Winterstiefel"},"content":{"rendered":"<p>Sportart : Wandern &#038; Trekking<br \/>Schuhspitze : Rund<br \/>Absatzform : Flach<br \/>Verschluss : Klettverschluss<br \/>Muster : Print<br \/>Details : Elastikeinsatz<br \/>Funktion : Wasserabweisend<br \/>Extras : Zuglasche an der Ferse, verst\u00e4rkte Fu\u00dfspitze, verst\u00e4rkte Ferse<br \/>Au\u00dfensohle : Flexibel, mit Profil<br \/>Innensohle : Gepolstert, herausnehmbar<br \/>Artikelnummer : PU143A0QV-G11<\/p>\n","protected":false},"excerpt":{"rendered":"<p>Sportart : Wandern &#038; Trekking<br \/>Schuhspitze : Rund<br \/>Absatzform : Flach<br \/>Verschluss : Klettverschluss<br \/>Muster : Print<br \/>Details : Elastikeinsatz<br \/>Funktion : Wasserabweisen<\/p>\n","protected":false},"featured_media":0,"comment_status":"open","ping_status":"closed","template":"","meta":[],"product_brand":[171],"product_cat":[45,394,470],"product_tag":[],"class_list":{"0":"post-69118","1":"product","2":"type-product","3":"status-publish","5":"product_brand-puma","6":"product_cat-kinder","7":"product_cat-schuhe","8":"product_cat-sportschuhe","10":"first","11":"instock","12":"shipping-taxable","13":"purchasable","14":"product-type-variable"},"jetpack_sharing_enabled":true,"_links":{"self":[{"href":"https:\/\/mallwp.wufadu.top\/index.php\/wp-json\/wp\/v2\/product\/69118","targetHints":{"allow":["GET"]}}],"collection":[{"href":"https:\/\/mallwp.wufadu.top\/index.php\/wp-json\/wp\/v2\/product"}],"about":[{"href":"https:\/\/mallwp.wufadu.top\/index.php\/wp-json\/wp\/v2\/types\/product"}],"replies":[{"embeddable":true,"href":"https:\/\/mallwp.wufadu.top\/index.php\/wp-json\/wp\/v2\/comments?post=69118"}],"wp:attachment":[{"href":"https:\/\/mallwp.wufadu.top\/index.php\/wp-json\/wp\/v2\/media?parent=69118"}],"wp:term":[{"taxonomy":"product_brand","embeddable":true,"href":"https:\/\/mallwp.wufadu.top\/index.php\/wp-json\/wp\/v2\/product_brand?post=69118"},{"taxonomy":"product_cat","embeddable":true,"href":"https:\/\/mallwp.wufadu.top\/index.php\/wp-json\/wp\/v2\/product_cat?post=69118"},{"taxonomy":"product_tag","embeddable":true,"href":"https:\/\/mallwp.wufadu.top\/index.php\/wp-json\/wp\/v2\/product_tag?post=69118"}],"curies":[{"name":"wp","href":"https:\/\/api.w.org\/{rel}","templated":true}]}}