{"id":778530,"date":"2025-08-24T20:57:16","date_gmt":"2025-08-24T20:57:16","guid":{"rendered":""},"modified":"2025-08-24T20:57:16","modified_gmt":"2025-08-24T20:57:16","slug":"allee-geldboerse","status":"publish","type":"product","link":"https:\/\/mallwp.wufadu.top\/index.php\/product\/allee-geldboerse\/","title":{"rendered":"ALLEE &#8211; Geldb\u00f6rse"},"content":{"rendered":"<p>F\u00e4cher : M\u00fcnzfach<br \/>Verschluss : Magnetverschluss<br \/>Muster : Meliert<br \/>Artikelnummer : VU052F01X-O11<\/p>\n","protected":false},"excerpt":{"rendered":"<p>F\u00e4cher : M\u00fcnzfach<br \/>Verschluss : Magnetverschluss<br \/>Muster : Meliert<br \/>Artikelnummer : VU052F01X-O11<\/p>\n","protected":false},"featured_media":0,"comment_status":"open","ping_status":"closed","template":"","meta":[],"product_brand":[1028],"product_cat":[809,1027,808],"product_tag":[],"class_list":{"0":"post-778530","1":"product","2":"type-product","3":"status-publish","5":"product_brand-vuch","6":"product_cat-accessoires","7":"product_cat-geldboersen-etuis","8":"product_cat-herren","10":"first","11":"instock","12":"shipping-taxable","13":"purchasable","14":"product-type-variable"},"jetpack_sharing_enabled":true,"_links":{"self":[{"href":"https:\/\/mallwp.wufadu.top\/index.php\/wp-json\/wp\/v2\/product\/778530","targetHints":{"allow":["GET"]}}],"collection":[{"href":"https:\/\/mallwp.wufadu.top\/index.php\/wp-json\/wp\/v2\/product"}],"about":[{"href":"https:\/\/mallwp.wufadu.top\/index.php\/wp-json\/wp\/v2\/types\/product"}],"replies":[{"embeddable":true,"href":"https:\/\/mallwp.wufadu.top\/index.php\/wp-json\/wp\/v2\/comments?post=778530"}],"wp:attachment":[{"href":"https:\/\/mallwp.wufadu.top\/index.php\/wp-json\/wp\/v2\/media?parent=778530"}],"wp:term":[{"taxonomy":"product_brand","embeddable":true,"href":"https:\/\/mallwp.wufadu.top\/index.php\/wp-json\/wp\/v2\/product_brand?post=778530"},{"taxonomy":"product_cat","embeddable":true,"href":"https:\/\/mallwp.wufadu.top\/index.php\/wp-json\/wp\/v2\/product_cat?post=778530"},{"taxonomy":"product_tag","embeddable":true,"href":"https:\/\/mallwp.wufadu.top\/index.php\/wp-json\/wp\/v2\/product_tag?post=778530"}],"curies":[{"name":"wp","href":"https:\/\/api.w.org\/{rel}","templated":true}]}}