{"id":780463,"date":"2025-08-24T20:57:26","date_gmt":"2025-08-24T20:57:26","guid":{"rendered":""},"modified":"2025-08-24T20:57:26","modified_gmt":"2025-08-24T20:57:26","slug":"re-lock-large-zip-around-geldboerse","status":"publish","type":"product","link":"https:\/\/mallwp.wufadu.top\/index.php\/product\/re-lock-large-zip-around-geldboerse\/","title":{"rendered":"RE-LOCK LARGE ZIP AROUND &#8211; Geldb\u00f6rse"},"content":{"rendered":"<p>F\u00e4cher : Kartenf\u00e4cher, M\u00fcnzfach, Geldscheinfach<br \/>Verschluss : Rei\u00dfverschluss<br \/>Muster : Unifarben<br \/>Artikelnummer : 6CA51F0JK-Q11<\/p>\n","protected":false},"excerpt":{"rendered":"<p>F\u00e4cher : Kartenf\u00e4cher, M\u00fcnzfach, Geldscheinfach<br \/>Verschluss : Rei\u00dfverschluss<br \/>Muster : Unifarben<br \/>Artikelnummer : 6CA51F0JK-Q11<\/p>\n","protected":false},"featured_media":0,"comment_status":"open","ping_status":"closed","template":"","meta":[],"product_brand":[892],"product_cat":[809,1027,808],"product_tag":[],"class_list":{"0":"post-780463","1":"product","2":"type-product","3":"status-publish","5":"product_brand-calvin-klein","6":"product_cat-accessoires","7":"product_cat-geldboersen-etuis","8":"product_cat-herren","10":"first","11":"instock","12":"shipping-taxable","13":"purchasable","14":"product-type-variable"},"jetpack_sharing_enabled":true,"_links":{"self":[{"href":"https:\/\/mallwp.wufadu.top\/index.php\/wp-json\/wp\/v2\/product\/780463","targetHints":{"allow":["GET"]}}],"collection":[{"href":"https:\/\/mallwp.wufadu.top\/index.php\/wp-json\/wp\/v2\/product"}],"about":[{"href":"https:\/\/mallwp.wufadu.top\/index.php\/wp-json\/wp\/v2\/types\/product"}],"replies":[{"embeddable":true,"href":"https:\/\/mallwp.wufadu.top\/index.php\/wp-json\/wp\/v2\/comments?post=780463"}],"wp:attachment":[{"href":"https:\/\/mallwp.wufadu.top\/index.php\/wp-json\/wp\/v2\/media?parent=780463"}],"wp:term":[{"taxonomy":"product_brand","embeddable":true,"href":"https:\/\/mallwp.wufadu.top\/index.php\/wp-json\/wp\/v2\/product_brand?post=780463"},{"taxonomy":"product_cat","embeddable":true,"href":"https:\/\/mallwp.wufadu.top\/index.php\/wp-json\/wp\/v2\/product_cat?post=780463"},{"taxonomy":"product_tag","embeddable":true,"href":"https:\/\/mallwp.wufadu.top\/index.php\/wp-json\/wp\/v2\/product_tag?post=780463"}],"curies":[{"name":"wp","href":"https:\/\/api.w.org\/{rel}","templated":true}]}}