{"id":849503,"date":"2025-08-24T21:02:44","date_gmt":"2025-08-24T21:02:44","guid":{"rendered":""},"modified":"2025-08-24T21:02:44","modified_gmt":"2025-08-24T21:02:44","slug":"jam-collectors-backpack-tagesrucksack","status":"publish","type":"product","link":"https:\/\/mallwp.wufadu.top\/index.php\/product\/jam-collectors-backpack-tagesrucksack\/","title":{"rendered":"JAM COLLECTORS BACKPACK &#8211; Tagesrucksack"},"content":{"rendered":"<p>Sportart : Basketball<br \/>Wetter : Regen<br \/>Gurte : Brustgurt, Schultergurte gepolstert<br \/>F\u00e4cher : Seitenf\u00e4cher, Fronttasche, ger\u00e4umiges Innenfach, 2-Kammer-Packsack, Steckfach, Laptopfach<br \/>Verschluss : Rei\u00dfverschluss<br \/>\u00d6ffnung : Frontloader<br \/>Muster : Unifarben<br \/>Details : Zwei-Wege-Rei\u00dfverschluss, gepolsterter R\u00fccken<br \/>Trageoptionen : L\u00e4ngenverstellbare Schultergurte<br \/>Artikelnummer : JOC42L09U-Q11<\/p>\n","protected":false},"excerpt":{"rendered":"<p>Sportart : Basketball<br \/>Wetter : Regen<br \/>Gurte : Brustgurt, Schultergurte gepolstert<br \/>F\u00e4cher : Seitenf\u00e4cher, Fronttasche, ger\u00e4umiges Innenfach, 2-Kammer-Packsack, Steckfach, La<\/p>\n","protected":false},"featured_media":0,"comment_status":"open","ping_status":"closed","template":"","meta":[],"product_brand":[74],"product_cat":[809,808,1373],"product_tag":[],"class_list":{"0":"post-849503","1":"product","2":"type-product","3":"status-publish","5":"product_brand-jordan","6":"product_cat-accessoires","7":"product_cat-herren","8":"product_cat-taschen-koffer","10":"first","11":"instock","12":"shipping-taxable","13":"purchasable","14":"product-type-variable"},"jetpack_sharing_enabled":true,"_links":{"self":[{"href":"https:\/\/mallwp.wufadu.top\/index.php\/wp-json\/wp\/v2\/product\/849503","targetHints":{"allow":["GET"]}}],"collection":[{"href":"https:\/\/mallwp.wufadu.top\/index.php\/wp-json\/wp\/v2\/product"}],"about":[{"href":"https:\/\/mallwp.wufadu.top\/index.php\/wp-json\/wp\/v2\/types\/product"}],"replies":[{"embeddable":true,"href":"https:\/\/mallwp.wufadu.top\/index.php\/wp-json\/wp\/v2\/comments?post=849503"}],"wp:attachment":[{"href":"https:\/\/mallwp.wufadu.top\/index.php\/wp-json\/wp\/v2\/media?parent=849503"}],"wp:term":[{"taxonomy":"product_brand","embeddable":true,"href":"https:\/\/mallwp.wufadu.top\/index.php\/wp-json\/wp\/v2\/product_brand?post=849503"},{"taxonomy":"product_cat","embeddable":true,"href":"https:\/\/mallwp.wufadu.top\/index.php\/wp-json\/wp\/v2\/product_cat?post=849503"},{"taxonomy":"product_tag","embeddable":true,"href":"https:\/\/mallwp.wufadu.top\/index.php\/wp-json\/wp\/v2\/product_tag?post=849503"}],"curies":[{"name":"wp","href":"https:\/\/api.w.org\/{rel}","templated":true}]}}