{"id":854982,"date":"2025-08-24T21:03:15","date_gmt":"2025-08-24T21:03:15","guid":{"rendered":""},"modified":"2025-08-24T21:03:15","modified_gmt":"2025-08-24T21:03:15","slug":"tagesrucksack-201","status":"publish","type":"product","link":"https:\/\/mallwp.wufadu.top\/index.php\/product\/tagesrucksack-201\/","title":{"rendered":"Tagesrucksack"},"content":{"rendered":"<p>Extras : Kompressionsriemen, Helmbefestigung<br \/>Gurte : Schultergurte gepolstert<br \/>F\u00e4cher : Ger\u00e4umiges Innenfach, Handyfach, Laptopfach, Seitenf\u00e4cher, Steckfach, Tabletfach, Fronttasche<br \/>Verschluss : Rei\u00dfverschluss<br \/>\u00d6ffnung : Toploader<br \/>Details : Gepolsterter R\u00fccken, Zwei-Wege-Rei\u00dfverschluss, verstellbarer Riemen<br \/>Zusatzinformationen : Dekoration nicht im Lieferumfang enthalten<br \/>Volumen : 16 &#8211; 30 L<br \/>Volumen : 20 l bei Gr\u00f6\u00dfe One Size<br \/>Trageoptionen : L\u00e4ngenverstellbare Schultergurte<br \/>Artikelnummer : RE352H03R-Q11<\/p>\n","protected":false},"excerpt":{"rendered":"<p>Extras : Kompressionsriemen, Helmbefestigung<br \/>Gurte : Schultergurte gepolstert<br \/>F\u00e4cher : Ger\u00e4umiges Innenfach, Handyfach, Laptopfach, Seitenf\u00e4cher, Steckfach, Tabletfach, Front<\/p>\n","protected":false},"featured_media":0,"comment_status":"open","ping_status":"closed","template":"","meta":[],"product_brand":[552],"product_cat":[809,808,1373],"product_tag":[],"class_list":{"0":"post-854982","1":"product","2":"type-product","3":"status-publish","5":"product_brand-replay","6":"product_cat-accessoires","7":"product_cat-herren","8":"product_cat-taschen-koffer","10":"first","11":"instock","12":"shipping-taxable","13":"purchasable","14":"product-type-variable"},"jetpack_sharing_enabled":true,"_links":{"self":[{"href":"https:\/\/mallwp.wufadu.top\/index.php\/wp-json\/wp\/v2\/product\/854982","targetHints":{"allow":["GET"]}}],"collection":[{"href":"https:\/\/mallwp.wufadu.top\/index.php\/wp-json\/wp\/v2\/product"}],"about":[{"href":"https:\/\/mallwp.wufadu.top\/index.php\/wp-json\/wp\/v2\/types\/product"}],"replies":[{"embeddable":true,"href":"https:\/\/mallwp.wufadu.top\/index.php\/wp-json\/wp\/v2\/comments?post=854982"}],"wp:attachment":[{"href":"https:\/\/mallwp.wufadu.top\/index.php\/wp-json\/wp\/v2\/media?parent=854982"}],"wp:term":[{"taxonomy":"product_brand","embeddable":true,"href":"https:\/\/mallwp.wufadu.top\/index.php\/wp-json\/wp\/v2\/product_brand?post=854982"},{"taxonomy":"product_cat","embeddable":true,"href":"https:\/\/mallwp.wufadu.top\/index.php\/wp-json\/wp\/v2\/product_cat?post=854982"},{"taxonomy":"product_tag","embeddable":true,"href":"https:\/\/mallwp.wufadu.top\/index.php\/wp-json\/wp\/v2\/product_tag?post=854982"}],"curies":[{"name":"wp","href":"https:\/\/api.w.org\/{rel}","templated":true}]}}