{"id":854986,"date":"2025-08-24T21:03:15","date_gmt":"2025-08-24T21:03:15","guid":{"rendered":""},"modified":"2025-08-24T21:03:15","modified_gmt":"2025-08-24T21:03:15","slug":"tagesrucksack-nutria","status":"publish","type":"product","link":"https:\/\/mallwp.wufadu.top\/index.php\/product\/tagesrucksack-nutria\/","title":{"rendered":"Tagesrucksack &#8211; nutria"},"content":{"rendered":"<p>F\u00e4cher : Netzseitentaschen, Fronttasche, Rei\u00dfverschlussfach, 1-Kammer-Packsack, Laptopfach, Steckfach, ger\u00e4umiges Innenfach<br \/>Verschluss : Rei\u00dfverschluss<br \/>Details : Zwei-Wege-Rei\u00dfverschluss, gepolsterter R\u00fccken, Trolley-Aufstecksystem, Schnalle, verst\u00e4rkter Boden<br \/>Trageoptionen : L\u00e4ngenverstellbare Schultergurte<br \/>Artikelnummer : RE352H041-B11<\/p>\n","protected":false},"excerpt":{"rendered":"<p>F\u00e4cher : Netzseitentaschen, Fronttasche, Rei\u00dfverschlussfach, 1-Kammer-Packsack, Laptopfach, Steckfach, ger\u00e4umiges Innenfach<br \/>Verschluss : Rei\u00dfverschluss<br \/>Details : Zwei-Wege-Re<\/p>\n","protected":false},"featured_media":0,"comment_status":"open","ping_status":"closed","template":"","meta":[],"product_brand":[552],"product_cat":[809,808,1373],"product_tag":[],"class_list":{"0":"post-854986","1":"product","2":"type-product","3":"status-publish","5":"product_brand-replay","6":"product_cat-accessoires","7":"product_cat-herren","8":"product_cat-taschen-koffer","10":"first","11":"instock","12":"shipping-taxable","13":"purchasable","14":"product-type-variable"},"jetpack_sharing_enabled":true,"_links":{"self":[{"href":"https:\/\/mallwp.wufadu.top\/index.php\/wp-json\/wp\/v2\/product\/854986","targetHints":{"allow":["GET"]}}],"collection":[{"href":"https:\/\/mallwp.wufadu.top\/index.php\/wp-json\/wp\/v2\/product"}],"about":[{"href":"https:\/\/mallwp.wufadu.top\/index.php\/wp-json\/wp\/v2\/types\/product"}],"replies":[{"embeddable":true,"href":"https:\/\/mallwp.wufadu.top\/index.php\/wp-json\/wp\/v2\/comments?post=854986"}],"wp:attachment":[{"href":"https:\/\/mallwp.wufadu.top\/index.php\/wp-json\/wp\/v2\/media?parent=854986"}],"wp:term":[{"taxonomy":"product_brand","embeddable":true,"href":"https:\/\/mallwp.wufadu.top\/index.php\/wp-json\/wp\/v2\/product_brand?post=854986"},{"taxonomy":"product_cat","embeddable":true,"href":"https:\/\/mallwp.wufadu.top\/index.php\/wp-json\/wp\/v2\/product_cat?post=854986"},{"taxonomy":"product_tag","embeddable":true,"href":"https:\/\/mallwp.wufadu.top\/index.php\/wp-json\/wp\/v2\/product_tag?post=854986"}],"curies":[{"name":"wp","href":"https:\/\/api.w.org\/{rel}","templated":true}]}}