{"id":862015,"date":"2025-08-24T21:03:55","date_gmt":"2025-08-24T21:03:55","guid":{"rendered":""},"modified":"2025-08-24T21:03:55","modified_gmt":"2025-08-24T21:03:55","slug":"tagesrucksack-301","status":"publish","type":"product","link":"https:\/\/mallwp.wufadu.top\/index.php\/product\/tagesrucksack-301\/","title":{"rendered":"Tagesrucksack"},"content":{"rendered":"<p>F\u00e4cher : Ger\u00e4umiges Innenfach, Fronttasche, Seitenf\u00e4cher, Rei\u00dfverschlussfach, Stifthalter, Steckfach, Handyfach, 1-Kammer-Packsack<br \/>Verschluss : Drawstring<br \/>Muster : Unifarben<br \/>Details : Gepolsterter R\u00fccken, Schnalle<br \/>Funktion : Reflektierend<br \/>Trageoptionen : L\u00e4ngenverstellbare Schultergurte<br \/>Artikelnummer : RE352H045-Q11<\/p>\n","protected":false},"excerpt":{"rendered":"<p>F\u00e4cher : Ger\u00e4umiges Innenfach, Fronttasche, Seitenf\u00e4cher, Rei\u00dfverschlussfach, Stifthalter, Steckfach, Handyfach, 1-Kammer-Packsack<br \/>Verschluss : Drawstring<br \/>Muster : Unifarben<\n<\/p>\n","protected":false},"featured_media":0,"comment_status":"open","ping_status":"closed","template":"","meta":[],"product_brand":[552],"product_cat":[809,808,1373],"product_tag":[],"class_list":{"0":"post-862015","1":"product","2":"type-product","3":"status-publish","5":"product_brand-replay","6":"product_cat-accessoires","7":"product_cat-herren","8":"product_cat-taschen-koffer","10":"first","11":"instock","12":"shipping-taxable","13":"purchasable","14":"product-type-variable"},"jetpack_sharing_enabled":true,"_links":{"self":[{"href":"https:\/\/mallwp.wufadu.top\/index.php\/wp-json\/wp\/v2\/product\/862015","targetHints":{"allow":["GET"]}}],"collection":[{"href":"https:\/\/mallwp.wufadu.top\/index.php\/wp-json\/wp\/v2\/product"}],"about":[{"href":"https:\/\/mallwp.wufadu.top\/index.php\/wp-json\/wp\/v2\/types\/product"}],"replies":[{"embeddable":true,"href":"https:\/\/mallwp.wufadu.top\/index.php\/wp-json\/wp\/v2\/comments?post=862015"}],"wp:attachment":[{"href":"https:\/\/mallwp.wufadu.top\/index.php\/wp-json\/wp\/v2\/media?parent=862015"}],"wp:term":[{"taxonomy":"product_brand","embeddable":true,"href":"https:\/\/mallwp.wufadu.top\/index.php\/wp-json\/wp\/v2\/product_brand?post=862015"},{"taxonomy":"product_cat","embeddable":true,"href":"https:\/\/mallwp.wufadu.top\/index.php\/wp-json\/wp\/v2\/product_cat?post=862015"},{"taxonomy":"product_tag","embeddable":true,"href":"https:\/\/mallwp.wufadu.top\/index.php\/wp-json\/wp\/v2\/product_tag?post=862015"}],"curies":[{"name":"wp","href":"https:\/\/api.w.org\/{rel}","templated":true}]}}