{"id":862767,"date":"2025-08-24T21:03:59","date_gmt":"2025-08-24T21:03:59","guid":{"rendered":""},"modified":"2025-08-24T21:03:59","modified_gmt":"2025-08-24T21:03:59","slug":"veha-umhaengetasche-cognac","status":"publish","type":"product","link":"https:\/\/mallwp.wufadu.top\/index.php\/product\/veha-umhaengetasche-cognac\/","title":{"rendered":"VEHA &#8211; Umh\u00e4ngetasche &#8211; cognac"},"content":{"rendered":"<p>F\u00e4cher : Handyfach, ger\u00e4umiges Innenfach<br \/>Verschluss : Magnetverschluss<br \/>Muster : Unifarben<br \/>Details : Schnalle<br \/>Trageoptionen : Verschiedene Trageoptionen<br \/>Artikelnummer : GUG54H08A-O12<\/p>\n","protected":false},"excerpt":{"rendered":"<p>F\u00e4cher : Handyfach, ger\u00e4umiges Innenfach<br \/>Verschluss : Magnetverschluss<br \/>Muster : Unifarben<br \/>Details : Schnalle<br \/>Trageoptionen : Verschiedene Trageoptionen<br \/>Artikelnummer<\/p>\n","protected":false},"featured_media":0,"comment_status":"open","ping_status":"closed","template":"","meta":[],"product_brand":[316],"product_cat":[809,808,1373],"product_tag":[],"class_list":{"0":"post-862767","1":"product","2":"type-product","3":"status-publish","5":"product_brand-gusti-leder","6":"product_cat-accessoires","7":"product_cat-herren","8":"product_cat-taschen-koffer","10":"first","11":"instock","12":"shipping-taxable","13":"purchasable","14":"product-type-variable"},"jetpack_sharing_enabled":true,"_links":{"self":[{"href":"https:\/\/mallwp.wufadu.top\/index.php\/wp-json\/wp\/v2\/product\/862767","targetHints":{"allow":["GET"]}}],"collection":[{"href":"https:\/\/mallwp.wufadu.top\/index.php\/wp-json\/wp\/v2\/product"}],"about":[{"href":"https:\/\/mallwp.wufadu.top\/index.php\/wp-json\/wp\/v2\/types\/product"}],"replies":[{"embeddable":true,"href":"https:\/\/mallwp.wufadu.top\/index.php\/wp-json\/wp\/v2\/comments?post=862767"}],"wp:attachment":[{"href":"https:\/\/mallwp.wufadu.top\/index.php\/wp-json\/wp\/v2\/media?parent=862767"}],"wp:term":[{"taxonomy":"product_brand","embeddable":true,"href":"https:\/\/mallwp.wufadu.top\/index.php\/wp-json\/wp\/v2\/product_brand?post=862767"},{"taxonomy":"product_cat","embeddable":true,"href":"https:\/\/mallwp.wufadu.top\/index.php\/wp-json\/wp\/v2\/product_cat?post=862767"},{"taxonomy":"product_tag","embeddable":true,"href":"https:\/\/mallwp.wufadu.top\/index.php\/wp-json\/wp\/v2\/product_tag?post=862767"}],"curies":[{"name":"wp","href":"https:\/\/api.w.org\/{rel}","templated":true}]}}