{"id":865903,"date":"2025-08-24T21:04:17","date_gmt":"2025-08-24T21:04:17","guid":{"rendered":""},"modified":"2025-08-24T21:04:17","modified_gmt":"2025-08-24T21:04:17","slug":"jam-monogram-duffle-bag-weekender-off-noir","status":"publish","type":"product","link":"https:\/\/mallwp.wufadu.top\/index.php\/product\/jam-monogram-duffle-bag-weekender-off-noir\/","title":{"rendered":"JAM MONOGRAM DUFFLE BAG &#8211; Weekender &#8211; off noir"},"content":{"rendered":"<p>Sportart : Basketball<br \/>F\u00e4cher : Rei\u00dfverschlussfach, ger\u00e4umiges Innenfach<br \/>Verschluss : Rei\u00dfverschluss<br \/>Muster : Unifarben<br \/>Details : Zwei-Wege-Rei\u00dfverschluss, separates Etui<br \/>Griff : Polsterung<br \/>Trageoptionen : Abnehmbarer Crossbody-Riemen, l\u00e4ngenverstellbarer Crossbody-Riemen<br \/>Artikelnummer : JOC42L0AH-Q12<\/p>\n","protected":false},"excerpt":{"rendered":"<p>Sportart : Basketball<br \/>F\u00e4cher : Rei\u00dfverschlussfach, ger\u00e4umiges Innenfach<br \/>Verschluss : Rei\u00dfverschluss<br \/>Muster : Unifarben<br \/>Details : Zwei-Wege-Rei\u00dfverschluss, separates Etu<\/p>\n","protected":false},"featured_media":0,"comment_status":"open","ping_status":"closed","template":"","meta":[],"product_brand":[74],"product_cat":[809,808,1373],"product_tag":[],"class_list":{"0":"post-865903","1":"product","2":"type-product","3":"status-publish","5":"product_brand-jordan","6":"product_cat-accessoires","7":"product_cat-herren","8":"product_cat-taschen-koffer","10":"first","11":"instock","12":"shipping-taxable","13":"purchasable","14":"product-type-variable"},"jetpack_sharing_enabled":true,"_links":{"self":[{"href":"https:\/\/mallwp.wufadu.top\/index.php\/wp-json\/wp\/v2\/product\/865903","targetHints":{"allow":["GET"]}}],"collection":[{"href":"https:\/\/mallwp.wufadu.top\/index.php\/wp-json\/wp\/v2\/product"}],"about":[{"href":"https:\/\/mallwp.wufadu.top\/index.php\/wp-json\/wp\/v2\/types\/product"}],"replies":[{"embeddable":true,"href":"https:\/\/mallwp.wufadu.top\/index.php\/wp-json\/wp\/v2\/comments?post=865903"}],"wp:attachment":[{"href":"https:\/\/mallwp.wufadu.top\/index.php\/wp-json\/wp\/v2\/media?parent=865903"}],"wp:term":[{"taxonomy":"product_brand","embeddable":true,"href":"https:\/\/mallwp.wufadu.top\/index.php\/wp-json\/wp\/v2\/product_brand?post=865903"},{"taxonomy":"product_cat","embeddable":true,"href":"https:\/\/mallwp.wufadu.top\/index.php\/wp-json\/wp\/v2\/product_cat?post=865903"},{"taxonomy":"product_tag","embeddable":true,"href":"https:\/\/mallwp.wufadu.top\/index.php\/wp-json\/wp\/v2\/product_tag?post=865903"}],"curies":[{"name":"wp","href":"https:\/\/api.w.org\/{rel}","templated":true}]}}