{"id":887025,"date":"2025-08-24T21:05:10","date_gmt":"2025-08-24T21:05:10","guid":{"rendered":""},"modified":"2025-08-24T21:05:10","modified_gmt":"2025-08-24T21:05:10","slug":"mc-trainer-3-trainingsschuh","status":"publish","type":"product","link":"https:\/\/mallwp.wufadu.top\/index.php\/product\/mc-trainer-3-trainingsschuh\/","title":{"rendered":"MC TRAINER 3 &#8211; Trainingsschuh"},"content":{"rendered":"<p>Sportart : Training &#038; Fitness<br \/>Schuhspitze : Rund<br \/>Verschluss : Schn\u00fcrung<br \/>Funktion : Atmungsaktiv<br \/>Extras : Verst\u00e4rkte Fu\u00dfspitze, verst\u00e4rkte Ferse, Zuglasche an der Ferse<br \/>Au\u00dfensohle : Flexibel, antirutsch<br \/>Innensohle : Gepolstert<br \/>Artikelnummer : N1242A2R7-Q14<\/p>\n","protected":false},"excerpt":{"rendered":"<p>Sportart : Training &#038; Fitness<br \/>Schuhspitze : Rund<br \/>Verschluss : Schn\u00fcrung<br \/>Funktion : Atmungsaktiv<br \/>Extras : Verst\u00e4rkte Fu\u00dfspitze, verst\u00e4rkte Ferse, Zuglasche an der Ferse<\n<\/p>\n","protected":false},"featured_media":0,"comment_status":"open","ping_status":"closed","template":"","meta":[],"product_brand":[70],"product_cat":[808,1487,1535],"product_tag":[],"class_list":{"0":"post-887025","1":"product","2":"type-product","3":"status-publish","5":"product_brand-nike-performance","6":"product_cat-herren","7":"product_cat-schuhe-2","8":"product_cat-sportschuhe-2","10":"first","11":"instock","12":"shipping-taxable","13":"purchasable","14":"product-type-variable"},"jetpack_sharing_enabled":true,"_links":{"self":[{"href":"https:\/\/mallwp.wufadu.top\/index.php\/wp-json\/wp\/v2\/product\/887025","targetHints":{"allow":["GET"]}}],"collection":[{"href":"https:\/\/mallwp.wufadu.top\/index.php\/wp-json\/wp\/v2\/product"}],"about":[{"href":"https:\/\/mallwp.wufadu.top\/index.php\/wp-json\/wp\/v2\/types\/product"}],"replies":[{"embeddable":true,"href":"https:\/\/mallwp.wufadu.top\/index.php\/wp-json\/wp\/v2\/comments?post=887025"}],"wp:attachment":[{"href":"https:\/\/mallwp.wufadu.top\/index.php\/wp-json\/wp\/v2\/media?parent=887025"}],"wp:term":[{"taxonomy":"product_brand","embeddable":true,"href":"https:\/\/mallwp.wufadu.top\/index.php\/wp-json\/wp\/v2\/product_brand?post=887025"},{"taxonomy":"product_cat","embeddable":true,"href":"https:\/\/mallwp.wufadu.top\/index.php\/wp-json\/wp\/v2\/product_cat?post=887025"},{"taxonomy":"product_tag","embeddable":true,"href":"https:\/\/mallwp.wufadu.top\/index.php\/wp-json\/wp\/v2\/product_tag?post=887025"}],"curies":[{"name":"wp","href":"https:\/\/api.w.org\/{rel}","templated":true}]}}