{"id":895438,"date":"2025-08-24T21:05:27","date_gmt":"2025-08-24T21:05:27","guid":{"rendered":""},"modified":"2025-08-24T21:05:27","modified_gmt":"2025-08-24T21:05:27","slug":"juniper-3-laufschuh-trail","status":"publish","type":"product","link":"https:\/\/mallwp.wufadu.top\/index.php\/product\/juniper-3-laufschuh-trail\/","title":{"rendered":"JUNIPER 3 &#8211; Laufschuh Trail"},"content":{"rendered":"<p>Sportart : Laufen, Trail Running<br \/>Geeignet f\u00fcr : Trail<br \/>Distanz : Kurz (bis zu 6 km)<br \/>Stabilit\u00e4t : Neutral<br \/>D\u00e4mpfung : Maximal<br \/>Schuhspitze : Rund<br \/>Absatzform : Flach<br \/>Verschluss : Schn\u00fcrung<br \/>Muster : Print<br \/>Funktion : Atmungsaktiv<br \/>Extras : Verst\u00e4rkte Fu\u00dfspitze, Zuglasche an der Ferse, Zuglasche an der Zunge, verst\u00e4rkte Ferse<br \/>Abrollbewegung : Neutrales Abrollverhalten<br \/>Au\u00dfensohle : Flexibel, antirutsch, mit Profil<br \/>Innensohle : Gepolstert<br \/>Artikelnummer : N1242A2QX-N13<\/p>\n","protected":false},"excerpt":{"rendered":"<p>Sportart : Laufen, Trail Running<br \/>Geeignet f\u00fcr : Trail<br \/>Distanz : Kurz (bis zu 6 km)<br \/>Stabilit\u00e4t : Neutral<br \/>D\u00e4mpfung : Maximal<br \/>Schuhspitze : Rund<br \/>Absatzform : Flach<b\n<\/p>\n","protected":false},"featured_media":0,"comment_status":"open","ping_status":"closed","template":"","meta":[],"product_brand":[70],"product_cat":[808,1487,1535],"product_tag":[],"class_list":{"0":"post-895438","1":"product","2":"type-product","3":"status-publish","5":"product_brand-nike-performance","6":"product_cat-herren","7":"product_cat-schuhe-2","8":"product_cat-sportschuhe-2","10":"first","11":"instock","12":"shipping-taxable","13":"purchasable","14":"product-type-variable"},"jetpack_sharing_enabled":true,"_links":{"self":[{"href":"https:\/\/mallwp.wufadu.top\/index.php\/wp-json\/wp\/v2\/product\/895438","targetHints":{"allow":["GET"]}}],"collection":[{"href":"https:\/\/mallwp.wufadu.top\/index.php\/wp-json\/wp\/v2\/product"}],"about":[{"href":"https:\/\/mallwp.wufadu.top\/index.php\/wp-json\/wp\/v2\/types\/product"}],"replies":[{"embeddable":true,"href":"https:\/\/mallwp.wufadu.top\/index.php\/wp-json\/wp\/v2\/comments?post=895438"}],"wp:attachment":[{"href":"https:\/\/mallwp.wufadu.top\/index.php\/wp-json\/wp\/v2\/media?parent=895438"}],"wp:term":[{"taxonomy":"product_brand","embeddable":true,"href":"https:\/\/mallwp.wufadu.top\/index.php\/wp-json\/wp\/v2\/product_brand?post=895438"},{"taxonomy":"product_cat","embeddable":true,"href":"https:\/\/mallwp.wufadu.top\/index.php\/wp-json\/wp\/v2\/product_cat?post=895438"},{"taxonomy":"product_tag","embeddable":true,"href":"https:\/\/mallwp.wufadu.top\/index.php\/wp-json\/wp\/v2\/product_tag?post=895438"}],"curies":[{"name":"wp","href":"https:\/\/api.w.org\/{rel}","templated":true}]}}