{"id":896044,"date":"2025-08-24T21:05:28","date_gmt":"2025-08-24T21:05:28","guid":{"rendered":""},"modified":"2025-08-24T21:05:28","modified_gmt":"2025-08-24T21:05:28","slug":"metcon-9-trainingsschuh","status":"publish","type":"product","link":"https:\/\/mallwp.wufadu.top\/index.php\/product\/metcon-9-trainingsschuh\/","title":{"rendered":"METCON 9 &#8211; Trainingsschuh"},"content":{"rendered":"<p>Sportart : Training &#038; Fitness<br \/>Schuhspitze : Rund<br \/>Absatzform : Flach<br \/>Verschluss : Schn\u00fcrung<br \/>Funktion : Atmungsaktiv<br \/>Extras : Verst\u00e4rkte Ferse, verst\u00e4rkte Fu\u00dfspitze, Zuglasche an der Zunge<br \/>Au\u00dfensohle : Flexibel<br \/>Innensohle : Gepolstert, herausnehmbar<br \/>Artikelnummer : N1242A2NL-H11<\/p>\n","protected":false},"excerpt":{"rendered":"<p>Sportart : Training &#038; Fitness<br \/>Schuhspitze : Rund<br \/>Absatzform : Flach<br \/>Verschluss : Schn\u00fcrung<br \/>Funktion : Atmungsaktiv<br \/>Extras : Verst\u00e4rkte Ferse, verst\u00e4rkte Fu\u00dfspitze, Z<\/p>\n","protected":false},"featured_media":0,"comment_status":"open","ping_status":"closed","template":"","meta":[],"product_brand":[70],"product_cat":[808,1487,1535],"product_tag":[],"class_list":{"0":"post-896044","1":"product","2":"type-product","3":"status-publish","5":"product_brand-nike-performance","6":"product_cat-herren","7":"product_cat-schuhe-2","8":"product_cat-sportschuhe-2","10":"first","11":"instock","12":"shipping-taxable","13":"purchasable","14":"product-type-variable"},"jetpack_sharing_enabled":true,"_links":{"self":[{"href":"https:\/\/mallwp.wufadu.top\/index.php\/wp-json\/wp\/v2\/product\/896044","targetHints":{"allow":["GET"]}}],"collection":[{"href":"https:\/\/mallwp.wufadu.top\/index.php\/wp-json\/wp\/v2\/product"}],"about":[{"href":"https:\/\/mallwp.wufadu.top\/index.php\/wp-json\/wp\/v2\/types\/product"}],"replies":[{"embeddable":true,"href":"https:\/\/mallwp.wufadu.top\/index.php\/wp-json\/wp\/v2\/comments?post=896044"}],"wp:attachment":[{"href":"https:\/\/mallwp.wufadu.top\/index.php\/wp-json\/wp\/v2\/media?parent=896044"}],"wp:term":[{"taxonomy":"product_brand","embeddable":true,"href":"https:\/\/mallwp.wufadu.top\/index.php\/wp-json\/wp\/v2\/product_brand?post=896044"},{"taxonomy":"product_cat","embeddable":true,"href":"https:\/\/mallwp.wufadu.top\/index.php\/wp-json\/wp\/v2\/product_cat?post=896044"},{"taxonomy":"product_tag","embeddable":true,"href":"https:\/\/mallwp.wufadu.top\/index.php\/wp-json\/wp\/v2\/product_tag?post=896044"}],"curies":[{"name":"wp","href":"https:\/\/api.w.org\/{rel}","templated":true}]}}